{"id":9920,"date":"2021-06-18T13:50:12","date_gmt":"2021-06-18T11:50:12","guid":{"rendered":"https:\/\/www.cooksound.com\/?page_id=9920"},"modified":"2024-05-21T11:09:53","modified_gmt":"2024-05-21T09:09:53","slug":"billetterie","status":"publish","type":"page","link":"https:\/\/www.cooksound.com\/en\/billetterie\/","title":{"rendered":"Ticketing"},"content":{"rendered":"<div data-elementor-type=\"wp-page\" data-elementor-id=\"9920\" class=\"elementor elementor-9920\" data-elementor-post-type=\"page\">\n\t\t\t\t\t\t<section class=\"elementor-section elementor-top-section elementor-element elementor-element-5cff44a elementor-section-boxed elementor-section-height-default elementor-section-height-default\" data-id=\"5cff44a\" data-element_type=\"section\" data-e-type=\"section\">\n\t\t\t\t\t\t<div class=\"elementor-container elementor-column-gap-default\">\n\t\t\t\t\t<div class=\"elementor-column elementor-col-100 elementor-top-column elementor-element elementor-element-ae7ec23\" data-id=\"ae7ec23\" data-element_type=\"column\" data-e-type=\"column\">\n\t\t\t<div class=\"elementor-widget-wrap elementor-element-populated\">\n\t\t\t\t\t\t<div class=\"elementor-element elementor-element-6bb63d9 elementor-widget elementor-widget-dce-iframe\" data-id=\"6bb63d9\" data-element_type=\"widget\" data-e-type=\"widget\" data-widget_type=\"dce-iframe.default\">\n\t\t\t\t<div class=\"elementor-widget-container\">\n\t\t\t\t\t\t\t\t<iframe src=\"https:\/\/billetterie.haute-provence-tourisme.com\/billetterie\/festival-cooksound\" frameborder=\"0\" width=\"100%\" height=\"80\" allowfullscreen=\"true\"><\/iframe>\n\t\t\t\t\t\t\t<\/div>\n\t\t\t\t<\/div>\n\t\t\t\t\t<\/div>\n\t\t<\/div>\n\t\t\t\t\t<\/div>\n\t\t<\/section>\n\t\t\t\t<section class=\"elementor-section elementor-top-section elementor-element elementor-element-32813fb elementor-section-boxed elementor-section-height-default elementor-section-height-default\" data-id=\"32813fb\" data-element_type=\"section\" data-e-type=\"section\">\n\t\t\t\t\t\t<div class=\"elementor-container elementor-column-gap-default\">\n\t\t\t\t\t<div class=\"elementor-column elementor-col-100 elementor-top-column elementor-element elementor-element-848bf38\" data-id=\"848bf38\" data-element_type=\"column\" data-e-type=\"column\">\n\t\t\t<div class=\"elementor-widget-wrap elementor-element-populated\">\n\t\t\t\t\t\t<div class=\"elementor-element elementor-element-2fd4a04 elementor-widget elementor-widget-heading\" data-id=\"2fd4a04\" data-element_type=\"widget\" data-e-type=\"widget\" data-widget_type=\"heading.default\">\n\t\t\t\t<div class=\"elementor-widget-container\">\n\t\t\t\t\t<h4 class=\"elementor-heading-title elementor-size-default\">DISCOUNT OFFERS &amp; GOOD DEALS<\/h4>\t\t\t\t<\/div>\n\t\t\t\t<\/div>\n\t\t\t\t\t<\/div>\n\t\t<\/div>\n\t\t\t\t\t<\/div>\n\t\t<\/section>\n\t\t\t\t<section class=\"elementor-section elementor-top-section elementor-element elementor-element-367ed7d elementor-section-boxed elementor-section-height-default elementor-section-height-default\" data-id=\"367ed7d\" data-element_type=\"section\" data-e-type=\"section\">\n\t\t\t\t\t\t<div class=\"elementor-container elementor-column-gap-default\">\n\t\t\t\t\t<div class=\"elementor-column elementor-col-100 elementor-top-column elementor-element elementor-element-5d1a724\" data-id=\"5d1a724\" data-element_type=\"column\" data-e-type=\"column\">\n\t\t\t<div class=\"elementor-widget-wrap elementor-element-populated\">\n\t\t\t\t\t\t<div class=\"elementor-element elementor-element-68f887f elementor-widget elementor-widget-spacer\" data-id=\"68f887f\" data-element_type=\"widget\" data-e-type=\"widget\" data-widget_type=\"spacer.default\">\n\t\t\t\t<div class=\"elementor-widget-container\">\n\t\t\t\t\t\t\t<div class=\"elementor-spacer\">\n\t\t\t<div class=\"elementor-spacer-inner\"><\/div>\n\t\t<\/div>\n\t\t\t\t\t\t<\/div>\n\t\t\t\t<\/div>\n\t\t\t\t\t<\/div>\n\t\t<\/div>\n\t\t\t\t\t<\/div>\n\t\t<\/section>\n\t\t\t\t<section class=\"elementor-section elementor-top-section elementor-element elementor-element-5c8eefd elementor-section-boxed elementor-section-height-default elementor-section-height-default\" data-id=\"5c8eefd\" data-element_type=\"section\" data-e-type=\"section\">\n\t\t\t\t\t\t<div class=\"elementor-container elementor-column-gap-default\">\n\t\t\t\t\t<div class=\"elementor-column elementor-col-33 elementor-top-column elementor-element elementor-element-67d6935\" data-id=\"67d6935\" data-element_type=\"column\" data-e-type=\"column\">\n\t\t\t<div class=\"elementor-widget-wrap elementor-element-populated\">\n\t\t\t\t\t\t<div class=\"elementor-element elementor-element-287e403 elementor-widget elementor-widget-image\" data-id=\"287e403\" data-element_type=\"widget\" data-e-type=\"widget\" data-settings=\"{&quot;enabled_visibility&quot;:&quot;no&quot;}\" data-widget_type=\"image.default\">\n\t\t\t\t<div class=\"elementor-widget-container\">\n\t\t\t\t\t\t\t\t\t\t\t\t\t\t\t\t<a href=\"https:\/\/e-passjeunes.maregionsud.fr\">\n\t\t\t\t\t\t\t<img fetchpriority=\"high\" decoding=\"async\" width=\"800\" height=\"346\" src=\"https:\/\/www.cooksound.com\/wp-content\/uploads\/2022\/05\/logo_e_PASS-JEUNES.png\" class=\"attachment-large size-large wp-image-11133\" alt=\"\" srcset=\"https:\/\/www.cooksound.com\/wp-content\/uploads\/2022\/05\/logo_e_PASS-JEUNES.png 850w, https:\/\/www.cooksound.com\/wp-content\/uploads\/2022\/05\/logo_e_PASS-JEUNES-300x130.png 300w, https:\/\/www.cooksound.com\/wp-content\/uploads\/2022\/05\/logo_e_PASS-JEUNES-768x332.png 768w, https:\/\/www.cooksound.com\/wp-content\/uploads\/2022\/05\/logo_e_PASS-JEUNES-18x8.png 18w\" sizes=\"(max-width: 800px) 100vw, 800px\" \/>\t\t\t\t\t\t\t\t<\/a>\n\t\t\t\t\t\t\t\t\t\t\t\t\t\t\t<\/div>\n\t\t\t\t<\/div>\n\t\t\t\t<div class=\"elementor-element elementor-element-4566be1 elementor-widget elementor-widget-text-editor\" data-id=\"4566be1\" data-element_type=\"widget\" data-e-type=\"widget\" data-settings=\"{&quot;enabled_visibility&quot;:&quot;no&quot;}\" data-widget_type=\"text-editor.default\">\n\t\t\t\t<div class=\"elementor-widget-container\">\n\t\t\t\t\t\t\t\t\t<hr \/><h5 style=\"text-align: center;\"><strong style=\"font-size: 1.1em;\"><br \/><\/strong>Are you between 15 and 25 YO ?<\/h5><p>Benefit from a 10\u20ac reduction on the festival ticketing with your card !<\/p><ul><li>Envoie nous ton bon d&#8217;\u00e9change (PDF) ainsi que ton nom et pr\u00e9nom \u00e0 l&#8217;adresse mail : <a href=\"mailto:billetterie@cooksound.com\">billetterie@cooksound.com<\/a><\/li><li>Receive your unique promo code by email<\/li><li>Reserve your ticket or your 2-night pass on our online ticket office by entering your promo code<\/li><\/ul><p>Et c&#8217;est valid\u00e9 !<\/p>\t\t\t\t\t\t\t\t<\/div>\n\t\t\t\t<\/div>\n\t\t\t\t\t<\/div>\n\t\t<\/div>\n\t\t\t\t<div class=\"elementor-column elementor-col-33 elementor-top-column elementor-element elementor-element-816129c\" data-id=\"816129c\" data-element_type=\"column\" data-e-type=\"column\">\n\t\t\t<div class=\"elementor-widget-wrap elementor-element-populated\">\n\t\t\t\t\t\t<div class=\"elementor-element elementor-element-3ce97d3 elementor-widget elementor-widget-image\" data-id=\"3ce97d3\" data-element_type=\"widget\" data-e-type=\"widget\" data-settings=\"{&quot;enabled_visibility&quot;:&quot;no&quot;}\" data-widget_type=\"image.default\">\n\t\t\t\t<div class=\"elementor-widget-container\">\n\t\t\t\t\t\t\t\t\t\t\t\t\t\t\t\t<a href=\"https:\/\/pass.culture.fr\">\n\t\t\t\t\t\t\t<img decoding=\"async\" width=\"800\" height=\"289\" src=\"https:\/\/www.cooksound.com\/wp-content\/uploads\/2022\/05\/RVB_PASS_CULTURE_HD-e1651481201931-1024x370.png\" class=\"attachment-large size-large wp-image-11131\" alt=\"\" srcset=\"https:\/\/www.cooksound.com\/wp-content\/uploads\/2022\/05\/RVB_PASS_CULTURE_HD-e1651481201931-1024x370.png 1024w, https:\/\/www.cooksound.com\/wp-content\/uploads\/2022\/05\/RVB_PASS_CULTURE_HD-e1651481201931-300x108.png 300w, https:\/\/www.cooksound.com\/wp-content\/uploads\/2022\/05\/RVB_PASS_CULTURE_HD-e1651481201931-768x277.png 768w, https:\/\/www.cooksound.com\/wp-content\/uploads\/2022\/05\/RVB_PASS_CULTURE_HD-e1651481201931-1536x555.png 1536w, https:\/\/www.cooksound.com\/wp-content\/uploads\/2022\/05\/RVB_PASS_CULTURE_HD-e1651481201931-2048x740.png 2048w, https:\/\/www.cooksound.com\/wp-content\/uploads\/2022\/05\/RVB_PASS_CULTURE_HD-e1651481201931-18x7.png 18w\" sizes=\"(max-width: 800px) 100vw, 800px\" \/>\t\t\t\t\t\t\t\t<\/a>\n\t\t\t\t\t\t\t\t\t\t\t\t\t\t\t<\/div>\n\t\t\t\t<\/div>\n\t\t\t\t<div class=\"elementor-element elementor-element-90f8c30 elementor-widget elementor-widget-text-editor\" data-id=\"90f8c30\" data-element_type=\"widget\" data-e-type=\"widget\" data-settings=\"{&quot;enabled_visibility&quot;:&quot;no&quot;}\" data-widget_type=\"text-editor.default\">\n\t\t\t\t<div class=\"elementor-widget-container\">\n\t\t\t\t\t\t\t\t\t<hr \/><h5 style=\"text-align: center;\"><strong><br \/><\/strong>Are you between 15 and 18 YO ?<\/h5><p>Thanks to the Pass Culture, <span style=\"font-weight: 400;\">b\u00e9n\u00e9ficie d&#8217;un porte-monnaie virtuel pouvant \u00eatre utilis\u00e9 selon tes envies parmi le catalogue d&#8217;offres propos\u00e9es !<\/span><\/p><p><span style=\"font-weight: 400;\">Concerts, festivals, cin\u00e9ma, livres, spectacles \u2026 Rejoins-nous vite en cr\u00e9ant ton compte sur l&#8217;application ou sur <a href=\"https:\/\/pass.culture.fr\/nosapplications\/\">pass.culture.fr<\/a> !<\/span><\/p><p><span style=\"font-weight: 400;\">You will find via the Pass Culture our concerts in the cloister on Friday and Saturday.<\/span><\/p>\t\t\t\t\t\t\t\t<\/div>\n\t\t\t\t<\/div>\n\t\t\t\t\t<\/div>\n\t\t<\/div>\n\t\t\t\t<div class=\"elementor-column elementor-col-33 elementor-top-column elementor-element elementor-element-16efbd3\" data-id=\"16efbd3\" data-element_type=\"column\" data-e-type=\"column\">\n\t\t\t<div class=\"elementor-widget-wrap elementor-element-populated\">\n\t\t\t\t\t\t<div class=\"elementor-element elementor-element-e110267 elementor-widget elementor-widget-image\" data-id=\"e110267\" data-element_type=\"widget\" data-e-type=\"widget\" data-settings=\"{&quot;enabled_visibility&quot;:&quot;no&quot;}\" data-widget_type=\"image.default\">\n\t\t\t\t<div class=\"elementor-widget-container\">\n\t\t\t\t\t\t\t\t\t\t\t\t\t\t\t<img decoding=\"async\" width=\"800\" height=\"375\" src=\"https:\/\/www.cooksound.com\/wp-content\/uploads\/2022\/04\/TER-ZOU-1024x480.png\" class=\"attachment-large size-large wp-image-10889\" alt=\"\" srcset=\"https:\/\/www.cooksound.com\/wp-content\/uploads\/2022\/04\/TER-ZOU-1024x480.png 1024w, https:\/\/www.cooksound.com\/wp-content\/uploads\/2022\/04\/TER-ZOU-300x141.png 300w, https:\/\/www.cooksound.com\/wp-content\/uploads\/2022\/04\/TER-ZOU-768x360.png 768w, https:\/\/www.cooksound.com\/wp-content\/uploads\/2022\/04\/TER-ZOU-1536x720.png 1536w, https:\/\/www.cooksound.com\/wp-content\/uploads\/2022\/04\/TER-ZOU-2048x960.png 2048w, https:\/\/www.cooksound.com\/wp-content\/uploads\/2022\/04\/TER-ZOU-18x8.png 18w\" sizes=\"(max-width: 800px) 100vw, 800px\" \/>\t\t\t\t\t\t\t\t\t\t\t\t\t\t\t<\/div>\n\t\t\t\t<\/div>\n\t\t\t\t<div class=\"elementor-element elementor-element-6c649cd elementor-widget elementor-widget-text-editor\" data-id=\"6c649cd\" data-element_type=\"widget\" data-e-type=\"widget\" data-settings=\"{&quot;enabled_visibility&quot;:&quot;no&quot;}\" data-widget_type=\"text-editor.default\">\n\t\t\t\t<div class=\"elementor-widget-container\">\n\t\t\t\t\t\t\t\t\t<hr \/><h5 style=\"text-align: center;\"><br \/>Do you use public transport on the zou network ?<\/h5><p><span style=\"font-weight: 400;\">Sur simple pr\u00e9sentation du titre de transport dat\u00e9 du jour, b\u00e9n\u00e9ficiez d&#8217;un billet \u00e0 tarif r\u00e9duit !<\/span><\/p><p><b>Plus d&#8217;informations :\u00a0<a href=\"http:\/\/www.cooksound.com\/en\/infos-pratiques\/\">here<\/a><\/b><\/p>\t\t\t\t\t\t\t\t<\/div>\n\t\t\t\t<\/div>\n\t\t\t\t\t<\/div>\n\t\t<\/div>\n\t\t\t\t\t<\/div>\n\t\t<\/section>\n\t\t\t\t<\/div>","protected":false},"excerpt":{"rendered":"<p>OFFRES DE R\u00c9DUCTIONS &amp; BONS PLANS Tu as entre 15 et 25 ans ? B\u00e9n\u00e9ficie d\u2019une r\u00e9duction de 10\u20ac sur la billetterie du festival avec ta carte ! Envoie nous ton bon d&#8217;\u00e9change (PDF) ainsi que ton nom et pr\u00e9nom \u00e0 l&#8217;adresse mail : billetterie@cooksound.com Re\u00e7ois ton code promo unique par mail R\u00e9serve ton billet [&hellip;]<\/p>\n","protected":false},"author":1,"featured_media":9396,"parent":0,"menu_order":0,"comment_status":"closed","ping_status":"closed","template":"elementor_header_footer","meta":{"_acf_changed":false,"footnotes":""},"class_list":["post-9920","page","type-page","status-publish","has-post-thumbnail","hentry"],"acf":[],"yoast_head":"<!-- This site is optimized with the Yoast SEO plugin v27.3 - https:\/\/yoast.com\/product\/yoast-seo-wordpress\/ -->\n<title>Billetterie - Cooksound Festival<\/title>\n<meta name=\"robots\" content=\"index, follow, max-snippet:-1, max-image-preview:large, max-video-preview:-1\" \/>\n<link rel=\"canonical\" href=\"https:\/\/www.cooksound.com\/en\/billetterie\/\" \/>\n<meta property=\"og:locale\" content=\"en_GB\" \/>\n<meta property=\"og:type\" content=\"article\" \/>\n<meta property=\"og:title\" content=\"Billetterie - Cooksound Festival\" \/>\n<meta property=\"og:description\" content=\"OFFRES DE R\u00c9DUCTIONS &amp; BONS PLANS Tu as entre 15 et 25 ans ? B\u00e9n\u00e9ficie d\u2019une r\u00e9duction de 10\u20ac sur la billetterie du festival avec ta carte ! Envoie nous ton bon d&#8217;\u00e9change (PDF) ainsi que ton nom et pr\u00e9nom \u00e0 l&#8217;adresse mail : billetterie@cooksound.com Re\u00e7ois ton code promo unique par mail R\u00e9serve ton billet [&hellip;]\" \/>\n<meta property=\"og:url\" content=\"https:\/\/www.cooksound.com\/en\/billetterie\/\" \/>\n<meta property=\"og:site_name\" content=\"Cooksound Festival\" \/>\n<meta property=\"article:publisher\" content=\"https:\/\/www.facebook.com\/CooksoundFestival\" \/>\n<meta property=\"article:modified_time\" content=\"2024-05-21T09:09:53+00:00\" \/>\n<meta property=\"og:image\" content=\"https:\/\/www.cooksound.com\/wp-content\/uploads\/2021\/05\/rodion-kutsaev-0VGG7cqTwCo-unsplash-scaled.jpg\" \/>\n\t<meta property=\"og:image:width\" content=\"2560\" \/>\n\t<meta property=\"og:image:height\" content=\"1707\" \/>\n\t<meta property=\"og:image:type\" content=\"image\/jpeg\" \/>\n<meta name=\"twitter:card\" content=\"summary_large_image\" \/>\n<meta name=\"twitter:site\" content=\"@cooksoundfest\" \/>\n<meta name=\"twitter:label1\" content=\"Estimated reading time\" \/>\n\t<meta name=\"twitter:data1\" content=\"2 minutes\" \/>\n<script type=\"application\/ld+json\" class=\"yoast-schema-graph\">{\"@context\":\"https:\\\/\\\/schema.org\",\"@graph\":[{\"@type\":\"WebPage\",\"@id\":\"https:\\\/\\\/www.cooksound.com\\\/billetterie\\\/\",\"url\":\"https:\\\/\\\/www.cooksound.com\\\/billetterie\\\/\",\"name\":\"Billetterie - Cooksound Festival\",\"isPartOf\":{\"@id\":\"https:\\\/\\\/www.cooksound.com\\\/#website\"},\"primaryImageOfPage\":{\"@id\":\"https:\\\/\\\/www.cooksound.com\\\/billetterie\\\/#primaryimage\"},\"image\":{\"@id\":\"https:\\\/\\\/www.cooksound.com\\\/billetterie\\\/#primaryimage\"},\"thumbnailUrl\":\"https:\\\/\\\/www.cooksound.com\\\/wp-content\\\/uploads\\\/2021\\\/05\\\/rodion-kutsaev-0VGG7cqTwCo-unsplash-scaled.jpg\",\"datePublished\":\"2021-06-18T11:50:12+00:00\",\"dateModified\":\"2024-05-21T09:09:53+00:00\",\"breadcrumb\":{\"@id\":\"https:\\\/\\\/www.cooksound.com\\\/billetterie\\\/#breadcrumb\"},\"inLanguage\":\"en-GB\",\"potentialAction\":[{\"@type\":\"ReadAction\",\"target\":[\"https:\\\/\\\/www.cooksound.com\\\/billetterie\\\/\"]}]},{\"@type\":\"ImageObject\",\"inLanguage\":\"en-GB\",\"@id\":\"https:\\\/\\\/www.cooksound.com\\\/billetterie\\\/#primaryimage\",\"url\":\"https:\\\/\\\/www.cooksound.com\\\/wp-content\\\/uploads\\\/2021\\\/05\\\/rodion-kutsaev-0VGG7cqTwCo-unsplash-scaled.jpg\",\"contentUrl\":\"https:\\\/\\\/www.cooksound.com\\\/wp-content\\\/uploads\\\/2021\\\/05\\\/rodion-kutsaev-0VGG7cqTwCo-unsplash-scaled.jpg\",\"width\":2560,\"height\":1707},{\"@type\":\"BreadcrumbList\",\"@id\":\"https:\\\/\\\/www.cooksound.com\\\/billetterie\\\/#breadcrumb\",\"itemListElement\":[{\"@type\":\"ListItem\",\"position\":1,\"name\":\"Accueil\",\"item\":\"https:\\\/\\\/www.cooksound.com\\\/\"},{\"@type\":\"ListItem\",\"position\":2,\"name\":\"Billetterie\"}]},{\"@type\":\"WebSite\",\"@id\":\"https:\\\/\\\/www.cooksound.com\\\/#website\",\"url\":\"https:\\\/\\\/www.cooksound.com\\\/\",\"name\":\"Cooksound Festival\",\"description\":\"Musique et gastronomie\",\"publisher\":{\"@id\":\"https:\\\/\\\/www.cooksound.com\\\/#organization\"},\"potentialAction\":[{\"@type\":\"SearchAction\",\"target\":{\"@type\":\"EntryPoint\",\"urlTemplate\":\"https:\\\/\\\/www.cooksound.com\\\/?s={search_term_string}\"},\"query-input\":{\"@type\":\"PropertyValueSpecification\",\"valueRequired\":true,\"valueName\":\"search_term_string\"}}],\"inLanguage\":\"en-GB\"},{\"@type\":\"Organization\",\"@id\":\"https:\\\/\\\/www.cooksound.com\\\/#organization\",\"name\":\"Cooksound Festival\",\"url\":\"https:\\\/\\\/www.cooksound.com\\\/\",\"logo\":{\"@type\":\"ImageObject\",\"inLanguage\":\"en-GB\",\"@id\":\"https:\\\/\\\/www.cooksound.com\\\/#\\\/schema\\\/logo\\\/image\\\/\",\"url\":\"https:\\\/\\\/www.cooksound.com\\\/wp-content\\\/uploads\\\/2021\\\/04\\\/logo-cooksound-noir.svg\",\"contentUrl\":\"https:\\\/\\\/www.cooksound.com\\\/wp-content\\\/uploads\\\/2021\\\/04\\\/logo-cooksound-noir.svg\",\"width\":1,\"height\":1,\"caption\":\"Cooksound Festival\"},\"image\":{\"@id\":\"https:\\\/\\\/www.cooksound.com\\\/#\\\/schema\\\/logo\\\/image\\\/\"},\"sameAs\":[\"https:\\\/\\\/www.facebook.com\\\/CooksoundFestival\",\"https:\\\/\\\/x.com\\\/cooksoundfest\",\"https:\\\/\\\/www.instagram.com\\\/festivalcooksound\\\/\",\"https:\\\/\\\/www.linkedin.com\\\/in\\\/cooksound-festival-75bab7114\\\/\",\"https:\\\/\\\/www.youtube.com\\\/user\\\/EvenementsCooksound\"]}]}<\/script>\n<!-- \/ Yoast SEO plugin. -->","yoast_head_json":{"title":"Billetterie - Cooksound Festival","robots":{"index":"index","follow":"follow","max-snippet":"max-snippet:-1","max-image-preview":"max-image-preview:large","max-video-preview":"max-video-preview:-1"},"canonical":"https:\/\/www.cooksound.com\/en\/billetterie\/","og_locale":"en_GB","og_type":"article","og_title":"Billetterie - Cooksound Festival","og_description":"OFFRES DE R\u00c9DUCTIONS &amp; BONS PLANS Tu as entre 15 et 25 ans ? B\u00e9n\u00e9ficie d\u2019une r\u00e9duction de 10\u20ac sur la billetterie du festival avec ta carte ! Envoie nous ton bon d&#8217;\u00e9change (PDF) ainsi que ton nom et pr\u00e9nom \u00e0 l&#8217;adresse mail : billetterie@cooksound.com Re\u00e7ois ton code promo unique par mail R\u00e9serve ton billet [&hellip;]","og_url":"https:\/\/www.cooksound.com\/en\/billetterie\/","og_site_name":"Cooksound Festival","article_publisher":"https:\/\/www.facebook.com\/CooksoundFestival","article_modified_time":"2024-05-21T09:09:53+00:00","og_image":[{"width":2560,"height":1707,"url":"https:\/\/www.cooksound.com\/wp-content\/uploads\/2021\/05\/rodion-kutsaev-0VGG7cqTwCo-unsplash-scaled.jpg","type":"image\/jpeg"}],"twitter_card":"summary_large_image","twitter_site":"@cooksoundfest","twitter_misc":{"Estimated reading time":"2 minutes"},"schema":{"@context":"https:\/\/schema.org","@graph":[{"@type":"WebPage","@id":"https:\/\/www.cooksound.com\/billetterie\/","url":"https:\/\/www.cooksound.com\/billetterie\/","name":"Billetterie - Cooksound Festival","isPartOf":{"@id":"https:\/\/www.cooksound.com\/#website"},"primaryImageOfPage":{"@id":"https:\/\/www.cooksound.com\/billetterie\/#primaryimage"},"image":{"@id":"https:\/\/www.cooksound.com\/billetterie\/#primaryimage"},"thumbnailUrl":"https:\/\/www.cooksound.com\/wp-content\/uploads\/2021\/05\/rodion-kutsaev-0VGG7cqTwCo-unsplash-scaled.jpg","datePublished":"2021-06-18T11:50:12+00:00","dateModified":"2024-05-21T09:09:53+00:00","breadcrumb":{"@id":"https:\/\/www.cooksound.com\/billetterie\/#breadcrumb"},"inLanguage":"en-GB","potentialAction":[{"@type":"ReadAction","target":["https:\/\/www.cooksound.com\/billetterie\/"]}]},{"@type":"ImageObject","inLanguage":"en-GB","@id":"https:\/\/www.cooksound.com\/billetterie\/#primaryimage","url":"https:\/\/www.cooksound.com\/wp-content\/uploads\/2021\/05\/rodion-kutsaev-0VGG7cqTwCo-unsplash-scaled.jpg","contentUrl":"https:\/\/www.cooksound.com\/wp-content\/uploads\/2021\/05\/rodion-kutsaev-0VGG7cqTwCo-unsplash-scaled.jpg","width":2560,"height":1707},{"@type":"BreadcrumbList","@id":"https:\/\/www.cooksound.com\/billetterie\/#breadcrumb","itemListElement":[{"@type":"ListItem","position":1,"name":"Accueil","item":"https:\/\/www.cooksound.com\/"},{"@type":"ListItem","position":2,"name":"Billetterie"}]},{"@type":"WebSite","@id":"https:\/\/www.cooksound.com\/#website","url":"https:\/\/www.cooksound.com\/","name":"Cooksound Festival","description":"Musique et gastronomie","publisher":{"@id":"https:\/\/www.cooksound.com\/#organization"},"potentialAction":[{"@type":"SearchAction","target":{"@type":"EntryPoint","urlTemplate":"https:\/\/www.cooksound.com\/?s={search_term_string}"},"query-input":{"@type":"PropertyValueSpecification","valueRequired":true,"valueName":"search_term_string"}}],"inLanguage":"en-GB"},{"@type":"Organization","@id":"https:\/\/www.cooksound.com\/#organization","name":"Cooksound Festival","url":"https:\/\/www.cooksound.com\/","logo":{"@type":"ImageObject","inLanguage":"en-GB","@id":"https:\/\/www.cooksound.com\/#\/schema\/logo\/image\/","url":"https:\/\/www.cooksound.com\/wp-content\/uploads\/2021\/04\/logo-cooksound-noir.svg","contentUrl":"https:\/\/www.cooksound.com\/wp-content\/uploads\/2021\/04\/logo-cooksound-noir.svg","width":1,"height":1,"caption":"Cooksound Festival"},"image":{"@id":"https:\/\/www.cooksound.com\/#\/schema\/logo\/image\/"},"sameAs":["https:\/\/www.facebook.com\/CooksoundFestival","https:\/\/x.com\/cooksoundfest","https:\/\/www.instagram.com\/festivalcooksound\/","https:\/\/www.linkedin.com\/in\/cooksound-festival-75bab7114\/","https:\/\/www.youtube.com\/user\/EvenementsCooksound"]}]}},"_links":{"self":[{"href":"https:\/\/www.cooksound.com\/en\/wp-json\/wp\/v2\/pages\/9920","targetHints":{"allow":["GET"]}}],"collection":[{"href":"https:\/\/www.cooksound.com\/en\/wp-json\/wp\/v2\/pages"}],"about":[{"href":"https:\/\/www.cooksound.com\/en\/wp-json\/wp\/v2\/types\/page"}],"author":[{"embeddable":true,"href":"https:\/\/www.cooksound.com\/en\/wp-json\/wp\/v2\/users\/1"}],"replies":[{"embeddable":true,"href":"https:\/\/www.cooksound.com\/en\/wp-json\/wp\/v2\/comments?post=9920"}],"version-history":[{"count":190,"href":"https:\/\/www.cooksound.com\/en\/wp-json\/wp\/v2\/pages\/9920\/revisions"}],"predecessor-version":[{"id":12239,"href":"https:\/\/www.cooksound.com\/en\/wp-json\/wp\/v2\/pages\/9920\/revisions\/12239"}],"wp:featuredmedia":[{"embeddable":true,"href":"https:\/\/www.cooksound.com\/en\/wp-json\/wp\/v2\/media\/9396"}],"wp:attachment":[{"href":"https:\/\/www.cooksound.com\/en\/wp-json\/wp\/v2\/media?parent=9920"}],"curies":[{"name":"wp","href":"https:\/\/api.w.org\/{rel}","templated":true}]}}