{"id":9308,"date":"2021-05-18T10:36:35","date_gmt":"2021-05-18T08:36:35","guid":{"rendered":"https:\/\/www.cooksound.com\/?page_id=9308"},"modified":"2024-05-17T16:27:58","modified_gmt":"2024-05-17T14:27:58","slug":"tarifs","status":"publish","type":"page","link":"https:\/\/www.cooksound.com\/en\/infos-pratiques\/tarifs\/","title":{"rendered":"Tarifs"},"content":{"rendered":"<div data-elementor-type=\"wp-page\" data-elementor-id=\"9308\" class=\"elementor elementor-9308\" data-elementor-post-type=\"page\">\n\t\t\t\t\t\t<section class=\"elementor-section elementor-top-section elementor-element elementor-element-c7c321c elementor-section-boxed elementor-section-height-default elementor-section-height-default\" data-id=\"c7c321c\" data-element_type=\"section\" data-e-type=\"section\">\n\t\t\t\t\t\t<div class=\"elementor-container elementor-column-gap-default\">\n\t\t\t\t\t<div class=\"elementor-column elementor-col-100 elementor-top-column elementor-element elementor-element-dc314da\" data-id=\"dc314da\" data-element_type=\"column\" data-e-type=\"column\">\n\t\t\t<div class=\"elementor-widget-wrap elementor-element-populated\">\n\t\t\t\t\t\t<div class=\"elementor-element elementor-element-02e1a6a elementor-widget elementor-widget-heading\" data-id=\"02e1a6a\" data-element_type=\"widget\" data-e-type=\"widget\" data-widget_type=\"heading.default\">\n\t\t\t\t<div class=\"elementor-widget-container\">\n\t\t\t\t\t<h3 class=\"elementor-heading-title elementor-size-default\">Biletterie<\/h3>\t\t\t\t<\/div>\n\t\t\t\t<\/div>\n\t\t\t\t<div class=\"elementor-element elementor-element-1d074ae elementor-widget elementor-widget-text-editor\" data-id=\"1d074ae\" data-element_type=\"widget\" data-e-type=\"widget\" data-widget_type=\"text-editor.default\">\n\t\t\t\t<div class=\"elementor-widget-container\">\n\t\t\t\t\t\t\t\t\t<ul><li><span style=\"font-weight: 400;\">Pass 1 jour: Prix libre avec un minimum de 10 \u20ac<\/span><\/li><li>Pass 3 jours : Minimum de 25 \u20ac<\/li><\/ul>\t\t\t\t\t\t\t\t<\/div>\n\t\t\t\t<\/div>\n\t\t<div class=\"elementor-element elementor-element-7dcdabc e-flex e-con-boxed e-con e-parent\" data-id=\"7dcdabc\" data-element_type=\"container\" data-e-type=\"container\">\n\t\t\t\t\t<div class=\"e-con-inner\">\n\t\t\t\t<div class=\"elementor-element elementor-element-647d5dc elementor-widget elementor-widget-text-editor\" data-id=\"647d5dc\" data-element_type=\"widget\" data-e-type=\"widget\" data-widget_type=\"text-editor.default\">\n\t\t\t\t<div class=\"elementor-widget-container\">\n\t\t\t\t\t\t\t\t\t<p>Pour r\u00e9server vos billets , rendez-vous sur notre billetterie en ligne :<\/p>\t\t\t\t\t\t\t\t<\/div>\n\t\t\t\t<\/div>\n\t\t\t\t\t<\/div>\n\t\t\t\t<\/div>\n\t\t\t\t<div class=\"elementor-element elementor-element-eff2078 elementor-button-info elementor-align-center elementor-widget elementor-widget-button\" data-id=\"eff2078\" data-element_type=\"widget\" data-e-type=\"widget\" data-widget_type=\"button.default\">\n\t\t\t\t<div class=\"elementor-widget-container\">\n\t\t\t\t\t\t\t\t\t<div class=\"elementor-button-wrapper\">\n\t\t\t\t\t<a class=\"elementor-button elementor-button-link elementor-size-sm elementor-animation-pop\" href=\"https:\/\/www.helloasso.com\/associations\/plage-sonore\/evenements\/cooksound-festival-1\" target=\"_blank\">\n\t\t\t\t\t\t<span class=\"elementor-button-content-wrapper\">\n\t\t\t\t\t\t\t\t\t<span class=\"elementor-button-text\">\u2192 billetterie<\/span>\n\t\t\t\t\t<\/span>\n\t\t\t\t\t<\/a>\n\t\t\t\t<\/div>\n\t\t\t\t\t\t\t\t<\/div>\n\t\t\t\t<\/div>\n\t\t\t\t\t<\/div>\n\t\t<\/div>\n\t\t\t\t\t<\/div>\n\t\t<\/section>\n\t\t\t\t<section class=\"elementor-section elementor-top-section elementor-element elementor-element-be47ed2 elementor-section-boxed elementor-section-height-default elementor-section-height-default\" data-id=\"be47ed2\" data-element_type=\"section\" data-e-type=\"section\">\n\t\t\t\t\t\t<div class=\"elementor-container elementor-column-gap-default\">\n\t\t\t\t\t<div class=\"elementor-column elementor-col-100 elementor-top-column elementor-element elementor-element-3d753a8\" data-id=\"3d753a8\" data-element_type=\"column\" data-e-type=\"column\">\n\t\t\t<div class=\"elementor-widget-wrap elementor-element-populated\">\n\t\t\t\t\t\t<div class=\"elementor-element elementor-element-0cb8c7d elementor-widget elementor-widget-heading\" data-id=\"0cb8c7d\" data-element_type=\"widget\" data-e-type=\"widget\" data-widget_type=\"heading.default\">\n\t\t\t\t<div class=\"elementor-widget-container\">\n\t\t\t\t\t<h3 class=\"elementor-heading-title elementor-size-default\">Jeunes<\/h3>\t\t\t\t<\/div>\n\t\t\t\t<\/div>\n\t\t\t\t<div class=\"elementor-element elementor-element-e0a58c4 elementor-widget elementor-widget-text-editor\" data-id=\"e0a58c4\" data-element_type=\"widget\" data-e-type=\"widget\" data-widget_type=\"text-editor.default\">\n\t\t\t\t<div class=\"elementor-widget-container\">\n\t\t\t\t\t\t\t\t\t<h4><b><a href=\"https:\/\/e-passjeunes.maregionsud.fr\/index\" target=\"_blank\" rel=\"noopener\"><img decoding=\"async\" class=\"alignright wp-image-11133\" src=\"https:\/\/www.cooksound.com\/wp-content\/uploads\/2022\/05\/logo_e_PASS-JEUNES-300x130.png\" alt=\"\" width=\"189\" height=\"82\" srcset=\"https:\/\/www.cooksound.com\/wp-content\/uploads\/2022\/05\/logo_e_PASS-JEUNES-300x130.png 300w, https:\/\/www.cooksound.com\/wp-content\/uploads\/2022\/05\/logo_e_PASS-JEUNES-768x332.png 768w, https:\/\/www.cooksound.com\/wp-content\/uploads\/2022\/05\/logo_e_PASS-JEUNES-18x8.png 18w, https:\/\/www.cooksound.com\/wp-content\/uploads\/2022\/05\/logo_e_PASS-JEUNES.png 850w\" sizes=\"(max-width: 189px) 100vw, 189px\" \/><\/a>E-PASS JEUNES<\/b><\/h4><p><span style=\"font-weight: 400;\">Are you between 15 and 18 YO ?<\/span><\/p><p><span style=\"font-weight: 400;\">B\u00e9n\u00e9ficie d\u2019une r\u00e9duction de 10\u00a0 \u20ac sur le billetterie du festival avec ta carte\u00a0!<\/span><\/p><ul><li><span style=\"font-weight: 400;\">Envoie nous ton bon d\u2019\u00e9change (PDF) ainsi que ton nom et pr\u00e9nom \u00e0 l\u2019adresse mail : <\/span><a href=\"mailto:billetterie@cooksound.com\"><span style=\"font-weight: 400;\">billetterie@cooksound.com<\/span><\/a><\/li><li><span style=\"font-weight: 400;\">Receive your unique promo code by email<\/span><\/li><li><span style=\"font-weight: 400;\">R\u00e9serve ton billet ou ton pass 2 soirs sur notre billetterie en ligne en entrant ton code promo.<\/span><\/li><\/ul><p><span style=\"font-weight: 400;\">Et c\u2019est valid\u00e9\u00a0!<\/span><\/p>\t\t\t\t\t\t\t\t<\/div>\n\t\t\t\t<\/div>\n\t\t<div class=\"elementor-element elementor-element-9de1d2e e-flex e-con-boxed e-con e-parent\" data-id=\"9de1d2e\" data-element_type=\"container\" data-e-type=\"container\">\n\t\t\t\t\t<div class=\"e-con-inner\">\n\t\t\t\t<div class=\"elementor-element elementor-element-a08205b elementor-widget elementor-widget-text-editor\" data-id=\"a08205b\" data-element_type=\"widget\" data-e-type=\"widget\" data-widget_type=\"text-editor.default\">\n\t\t\t\t<div class=\"elementor-widget-container\">\n\t\t\t\t\t\t\t\t\t<h4><a href=\"https:\/\/pass.culture.fr\/\" target=\"_blank\" rel=\"noopener\"><img decoding=\"async\" class=\"wp-image-11131 alignright\" src=\"https:\/\/www.cooksound.com\/wp-content\/uploads\/2022\/05\/RVB_PASS_CULTURE_HD-e1651481201931-300x108.png\" alt=\"\" width=\"224\" height=\"81\" srcset=\"https:\/\/www.cooksound.com\/wp-content\/uploads\/2022\/05\/RVB_PASS_CULTURE_HD-e1651481201931-300x108.png 300w, https:\/\/www.cooksound.com\/wp-content\/uploads\/2022\/05\/RVB_PASS_CULTURE_HD-e1651481201931-1024x370.png 1024w, https:\/\/www.cooksound.com\/wp-content\/uploads\/2022\/05\/RVB_PASS_CULTURE_HD-e1651481201931-768x277.png 768w, https:\/\/www.cooksound.com\/wp-content\/uploads\/2022\/05\/RVB_PASS_CULTURE_HD-e1651481201931-1536x555.png 1536w, https:\/\/www.cooksound.com\/wp-content\/uploads\/2022\/05\/RVB_PASS_CULTURE_HD-e1651481201931-2048x740.png 2048w, https:\/\/www.cooksound.com\/wp-content\/uploads\/2022\/05\/RVB_PASS_CULTURE_HD-e1651481201931-18x7.png 18w\" sizes=\"(max-width: 224px) 100vw, 224px\" \/><\/a>Pass Culture<\/h4><p>R\u00e9servez directement votre place pour le Cooksound Festival avec le Pass Culture !<\/p><p><span style=\"font-weight: 400;\">Utilisez votre cr\u00e9dit Pass Culture pour acheter vos billets. Connectez-vous \u00e0 l&#8217;application Pass Culture, recherchez le Cooksound Festival et suivez les instructions pour r\u00e9server vos places directement via la plateforme.<\/span><\/p>\t\t\t\t\t\t\t\t<\/div>\n\t\t\t\t<\/div>\n\t\t\t\t\t<\/div>\n\t\t\t\t<\/div>\n\t\t\t\t\t<\/div>\n\t\t<\/div>\n\t\t\t\t\t<\/div>\n\t\t<\/section>\n\t\t<div class=\"elementor-element elementor-element-020f5df e-flex e-con-boxed e-con e-parent\" data-id=\"020f5df\" data-element_type=\"container\" data-e-type=\"container\">\n\t\t\t\t\t<div class=\"e-con-inner\">\n\t\t\t\t<div class=\"elementor-element elementor-element-959a5fe elementor-widget elementor-widget-text-editor\" data-id=\"959a5fe\" data-element_type=\"widget\" data-e-type=\"widget\" data-widget_type=\"text-editor.default\">\n\t\t\t\t<div class=\"elementor-widget-container\">\n\t\t\t\t\t\t\t\t\t<h3><span style=\"font-weight: 400;\">Achat en personne<\/span><\/h3><p><span style=\"font-weight: 400;\">Pour ceux qui pr\u00e9f\u00e8rent acheter leurs billets en personne, vous pouvez vous rendre \u00e0 l&#8217;Office du Tourisme de Forcalquier. <\/span><\/p><p><span style=\"font-weight: 400;\">Il est \u00e9galement possible d&#8217;acheter vos places sur leur site internet. Pour plus d&#8217;informations, veuillez visiter le site de l&#8217;Office du Tourisme de Forcalquier.<\/span><\/p>\t\t\t\t\t\t\t\t<\/div>\n\t\t\t\t<\/div>\n\t\t\t\t\t<\/div>\n\t\t\t\t<\/div>\n\t\t\t\t<section class=\"elementor-section elementor-top-section elementor-element elementor-element-5225c1d elementor-section-boxed elementor-section-height-default elementor-section-height-default\" data-id=\"5225c1d\" data-element_type=\"section\" data-e-type=\"section\">\n\t\t\t\t\t\t<div class=\"elementor-container elementor-column-gap-default\">\n\t\t\t\t\t<div class=\"elementor-column elementor-col-100 elementor-top-column elementor-element elementor-element-91d86c2\" data-id=\"91d86c2\" data-element_type=\"column\" data-e-type=\"column\">\n\t\t\t<div class=\"elementor-widget-wrap elementor-element-populated\">\n\t\t\t\t\t\t<div class=\"elementor-element elementor-element-f4491e6 elementor-widget elementor-widget-heading\" data-id=\"f4491e6\" data-element_type=\"widget\" data-e-type=\"widget\" data-widget_type=\"heading.default\">\n\t\t\t\t<div class=\"elementor-widget-container\">\n\t\t\t\t\t<h3 class=\"elementor-heading-title elementor-size-default\">Aide &amp; informations :<\/h3>\t\t\t\t<\/div>\n\t\t\t\t<\/div>\n\t\t\t\t<div class=\"elementor-element elementor-element-6b2caa1 elementor-widget elementor-widget-text-editor\" data-id=\"6b2caa1\" data-element_type=\"widget\" data-e-type=\"widget\" data-widget_type=\"text-editor.default\">\n\t\t\t\t<div class=\"elementor-widget-container\">\n\t\t\t\t\t\t\t\t\t<p><span style=\"background-color: transparent; font-size: 17.6px;\">If you would like more information, or if you have any questions, please don't hesitate to contact us : <\/span><a class=\"mailto\" style=\"font-size: 17.6px;\" href=\"mailto:infos@cooksound.com\" target=\"_blank\" rel=\"noopener noreferrer\">infos@cooksound.com<\/a><\/p>\t\t\t\t\t\t\t\t<\/div>\n\t\t\t\t<\/div>\n\t\t\t\t\t<\/div>\n\t\t<\/div>\n\t\t\t\t\t<\/div>\n\t\t<\/section>\n\t\t\t\t<\/div>","protected":false},"excerpt":{"rendered":"<p>Biletterie Pass 1 jour: Prix libre avec un minimum de 10 \u20ac Pass 3 jours : Minimum de 25 \u20ac Pour r\u00e9server vos billets , rendez-vous sur notre billetterie en ligne : \u2192 billetterie Jeunes E-PASS JEUNES Tu as entre 15 et 18 ans ? B\u00e9n\u00e9ficie d\u2019une r\u00e9duction de 10\u00a0 \u20ac sur le billetterie du [&hellip;]<\/p>\n","protected":false},"author":1,"featured_media":9396,"parent":46,"menu_order":0,"comment_status":"closed","ping_status":"closed","template":"","meta":{"_acf_changed":false,"footnotes":""},"class_list":["post-9308","page","type-page","status-publish","has-post-thumbnail","hentry"],"acf":[],"yoast_head":"<!-- This site is optimized with the Yoast SEO plugin v27.4 - https:\/\/yoast.com\/product\/yoast-seo-wordpress\/ -->\n<title>Tarifs - Cooksound Festival<\/title>\n<meta name=\"robots\" content=\"index, follow, max-snippet:-1, max-image-preview:large, max-video-preview:-1\" \/>\n<link rel=\"canonical\" href=\"https:\/\/www.cooksound.com\/en\/infos-pratiques\/tarifs\/\" \/>\n<meta property=\"og:locale\" content=\"en_GB\" \/>\n<meta property=\"og:type\" content=\"article\" \/>\n<meta property=\"og:title\" content=\"Tarifs - Cooksound Festival\" \/>\n<meta property=\"og:description\" content=\"Biletterie Pass 1 jour: Prix libre avec un minimum de 10 \u20ac Pass 3 jours : Minimum de 25 \u20ac Pour r\u00e9server vos billets , rendez-vous sur notre billetterie en ligne : \u2192 billetterie Jeunes E-PASS JEUNES Tu as entre 15 et 18 ans ? B\u00e9n\u00e9ficie d\u2019une r\u00e9duction de 10\u00a0 \u20ac sur le billetterie du [&hellip;]\" \/>\n<meta property=\"og:url\" content=\"https:\/\/www.cooksound.com\/en\/infos-pratiques\/tarifs\/\" \/>\n<meta property=\"og:site_name\" content=\"Cooksound Festival\" \/>\n<meta property=\"article:publisher\" content=\"https:\/\/www.facebook.com\/CooksoundFestival\" \/>\n<meta property=\"article:modified_time\" content=\"2024-05-17T14:27:58+00:00\" \/>\n<meta property=\"og:image\" content=\"https:\/\/www.cooksound.com\/wp-content\/uploads\/2021\/05\/rodion-kutsaev-0VGG7cqTwCo-unsplash-scaled.jpg\" \/>\n\t<meta property=\"og:image:width\" content=\"2560\" \/>\n\t<meta property=\"og:image:height\" content=\"1707\" \/>\n\t<meta property=\"og:image:type\" content=\"image\/jpeg\" \/>\n<meta name=\"twitter:card\" content=\"summary_large_image\" \/>\n<meta name=\"twitter:site\" content=\"@cooksoundfest\" \/>\n<meta name=\"twitter:label1\" content=\"Estimated reading time\" \/>\n\t<meta name=\"twitter:data1\" content=\"2 minutes\" \/>\n<script type=\"application\/ld+json\" class=\"yoast-schema-graph\">{\"@context\":\"https:\\\/\\\/schema.org\",\"@graph\":[{\"@type\":\"WebPage\",\"@id\":\"https:\\\/\\\/www.cooksound.com\\\/infos-pratiques\\\/tarifs\\\/\",\"url\":\"https:\\\/\\\/www.cooksound.com\\\/infos-pratiques\\\/tarifs\\\/\",\"name\":\"Tarifs - Cooksound Festival\",\"isPartOf\":{\"@id\":\"https:\\\/\\\/www.cooksound.com\\\/#website\"},\"primaryImageOfPage\":{\"@id\":\"https:\\\/\\\/www.cooksound.com\\\/infos-pratiques\\\/tarifs\\\/#primaryimage\"},\"image\":{\"@id\":\"https:\\\/\\\/www.cooksound.com\\\/infos-pratiques\\\/tarifs\\\/#primaryimage\"},\"thumbnailUrl\":\"https:\\\/\\\/www.cooksound.com\\\/wp-content\\\/uploads\\\/2021\\\/05\\\/rodion-kutsaev-0VGG7cqTwCo-unsplash-scaled.jpg\",\"datePublished\":\"2021-05-18T08:36:35+00:00\",\"dateModified\":\"2024-05-17T14:27:58+00:00\",\"breadcrumb\":{\"@id\":\"https:\\\/\\\/www.cooksound.com\\\/infos-pratiques\\\/tarifs\\\/#breadcrumb\"},\"inLanguage\":\"en-GB\",\"potentialAction\":[{\"@type\":\"ReadAction\",\"target\":[\"https:\\\/\\\/www.cooksound.com\\\/infos-pratiques\\\/tarifs\\\/\"]}]},{\"@type\":\"ImageObject\",\"inLanguage\":\"en-GB\",\"@id\":\"https:\\\/\\\/www.cooksound.com\\\/infos-pratiques\\\/tarifs\\\/#primaryimage\",\"url\":\"https:\\\/\\\/www.cooksound.com\\\/wp-content\\\/uploads\\\/2021\\\/05\\\/rodion-kutsaev-0VGG7cqTwCo-unsplash-scaled.jpg\",\"contentUrl\":\"https:\\\/\\\/www.cooksound.com\\\/wp-content\\\/uploads\\\/2021\\\/05\\\/rodion-kutsaev-0VGG7cqTwCo-unsplash-scaled.jpg\",\"width\":2560,\"height\":1707},{\"@type\":\"BreadcrumbList\",\"@id\":\"https:\\\/\\\/www.cooksound.com\\\/infos-pratiques\\\/tarifs\\\/#breadcrumb\",\"itemListElement\":[{\"@type\":\"ListItem\",\"position\":1,\"name\":\"Accueil\",\"item\":\"https:\\\/\\\/www.cooksound.com\\\/\"},{\"@type\":\"ListItem\",\"position\":2,\"name\":\"Infos pratiques\",\"item\":\"https:\\\/\\\/www.cooksound.com\\\/infos-pratiques\\\/\"},{\"@type\":\"ListItem\",\"position\":3,\"name\":\"Tarifs\"}]},{\"@type\":\"WebSite\",\"@id\":\"https:\\\/\\\/www.cooksound.com\\\/#website\",\"url\":\"https:\\\/\\\/www.cooksound.com\\\/\",\"name\":\"Cooksound Festival\",\"description\":\"Musique et gastronomie\",\"publisher\":{\"@id\":\"https:\\\/\\\/www.cooksound.com\\\/#organization\"},\"potentialAction\":[{\"@type\":\"SearchAction\",\"target\":{\"@type\":\"EntryPoint\",\"urlTemplate\":\"https:\\\/\\\/www.cooksound.com\\\/?s={search_term_string}\"},\"query-input\":{\"@type\":\"PropertyValueSpecification\",\"valueRequired\":true,\"valueName\":\"search_term_string\"}}],\"inLanguage\":\"en-GB\"},{\"@type\":\"Organization\",\"@id\":\"https:\\\/\\\/www.cooksound.com\\\/#organization\",\"name\":\"Cooksound Festival\",\"url\":\"https:\\\/\\\/www.cooksound.com\\\/\",\"logo\":{\"@type\":\"ImageObject\",\"inLanguage\":\"en-GB\",\"@id\":\"https:\\\/\\\/www.cooksound.com\\\/#\\\/schema\\\/logo\\\/image\\\/\",\"url\":\"https:\\\/\\\/www.cooksound.com\\\/wp-content\\\/uploads\\\/2021\\\/04\\\/logo-cooksound-noir.svg\",\"contentUrl\":\"https:\\\/\\\/www.cooksound.com\\\/wp-content\\\/uploads\\\/2021\\\/04\\\/logo-cooksound-noir.svg\",\"width\":1,\"height\":1,\"caption\":\"Cooksound Festival\"},\"image\":{\"@id\":\"https:\\\/\\\/www.cooksound.com\\\/#\\\/schema\\\/logo\\\/image\\\/\"},\"sameAs\":[\"https:\\\/\\\/www.facebook.com\\\/CooksoundFestival\",\"https:\\\/\\\/x.com\\\/cooksoundfest\",\"https:\\\/\\\/www.instagram.com\\\/festivalcooksound\\\/\",\"https:\\\/\\\/www.linkedin.com\\\/in\\\/cooksound-festival-75bab7114\\\/\",\"https:\\\/\\\/www.youtube.com\\\/user\\\/EvenementsCooksound\"]}]}<\/script>\n<!-- \/ Yoast SEO plugin. -->","yoast_head_json":{"title":"Tarifs - Cooksound Festival","robots":{"index":"index","follow":"follow","max-snippet":"max-snippet:-1","max-image-preview":"max-image-preview:large","max-video-preview":"max-video-preview:-1"},"canonical":"https:\/\/www.cooksound.com\/en\/infos-pratiques\/tarifs\/","og_locale":"en_GB","og_type":"article","og_title":"Tarifs - Cooksound Festival","og_description":"Biletterie Pass 1 jour: Prix libre avec un minimum de 10 \u20ac Pass 3 jours : Minimum de 25 \u20ac Pour r\u00e9server vos billets , rendez-vous sur notre billetterie en ligne : \u2192 billetterie Jeunes E-PASS JEUNES Tu as entre 15 et 18 ans ? B\u00e9n\u00e9ficie d\u2019une r\u00e9duction de 10\u00a0 \u20ac sur le billetterie du [&hellip;]","og_url":"https:\/\/www.cooksound.com\/en\/infos-pratiques\/tarifs\/","og_site_name":"Cooksound Festival","article_publisher":"https:\/\/www.facebook.com\/CooksoundFestival","article_modified_time":"2024-05-17T14:27:58+00:00","og_image":[{"width":2560,"height":1707,"url":"https:\/\/www.cooksound.com\/wp-content\/uploads\/2021\/05\/rodion-kutsaev-0VGG7cqTwCo-unsplash-scaled.jpg","type":"image\/jpeg"}],"twitter_card":"summary_large_image","twitter_site":"@cooksoundfest","twitter_misc":{"Estimated reading time":"2 minutes"},"schema":{"@context":"https:\/\/schema.org","@graph":[{"@type":"WebPage","@id":"https:\/\/www.cooksound.com\/infos-pratiques\/tarifs\/","url":"https:\/\/www.cooksound.com\/infos-pratiques\/tarifs\/","name":"Tarifs - Cooksound Festival","isPartOf":{"@id":"https:\/\/www.cooksound.com\/#website"},"primaryImageOfPage":{"@id":"https:\/\/www.cooksound.com\/infos-pratiques\/tarifs\/#primaryimage"},"image":{"@id":"https:\/\/www.cooksound.com\/infos-pratiques\/tarifs\/#primaryimage"},"thumbnailUrl":"https:\/\/www.cooksound.com\/wp-content\/uploads\/2021\/05\/rodion-kutsaev-0VGG7cqTwCo-unsplash-scaled.jpg","datePublished":"2021-05-18T08:36:35+00:00","dateModified":"2024-05-17T14:27:58+00:00","breadcrumb":{"@id":"https:\/\/www.cooksound.com\/infos-pratiques\/tarifs\/#breadcrumb"},"inLanguage":"en-GB","potentialAction":[{"@type":"ReadAction","target":["https:\/\/www.cooksound.com\/infos-pratiques\/tarifs\/"]}]},{"@type":"ImageObject","inLanguage":"en-GB","@id":"https:\/\/www.cooksound.com\/infos-pratiques\/tarifs\/#primaryimage","url":"https:\/\/www.cooksound.com\/wp-content\/uploads\/2021\/05\/rodion-kutsaev-0VGG7cqTwCo-unsplash-scaled.jpg","contentUrl":"https:\/\/www.cooksound.com\/wp-content\/uploads\/2021\/05\/rodion-kutsaev-0VGG7cqTwCo-unsplash-scaled.jpg","width":2560,"height":1707},{"@type":"BreadcrumbList","@id":"https:\/\/www.cooksound.com\/infos-pratiques\/tarifs\/#breadcrumb","itemListElement":[{"@type":"ListItem","position":1,"name":"Accueil","item":"https:\/\/www.cooksound.com\/"},{"@type":"ListItem","position":2,"name":"Infos pratiques","item":"https:\/\/www.cooksound.com\/infos-pratiques\/"},{"@type":"ListItem","position":3,"name":"Tarifs"}]},{"@type":"WebSite","@id":"https:\/\/www.cooksound.com\/#website","url":"https:\/\/www.cooksound.com\/","name":"Cooksound Festival","description":"Musique et gastronomie","publisher":{"@id":"https:\/\/www.cooksound.com\/#organization"},"potentialAction":[{"@type":"SearchAction","target":{"@type":"EntryPoint","urlTemplate":"https:\/\/www.cooksound.com\/?s={search_term_string}"},"query-input":{"@type":"PropertyValueSpecification","valueRequired":true,"valueName":"search_term_string"}}],"inLanguage":"en-GB"},{"@type":"Organization","@id":"https:\/\/www.cooksound.com\/#organization","name":"Cooksound Festival","url":"https:\/\/www.cooksound.com\/","logo":{"@type":"ImageObject","inLanguage":"en-GB","@id":"https:\/\/www.cooksound.com\/#\/schema\/logo\/image\/","url":"https:\/\/www.cooksound.com\/wp-content\/uploads\/2021\/04\/logo-cooksound-noir.svg","contentUrl":"https:\/\/www.cooksound.com\/wp-content\/uploads\/2021\/04\/logo-cooksound-noir.svg","width":1,"height":1,"caption":"Cooksound Festival"},"image":{"@id":"https:\/\/www.cooksound.com\/#\/schema\/logo\/image\/"},"sameAs":["https:\/\/www.facebook.com\/CooksoundFestival","https:\/\/x.com\/cooksoundfest","https:\/\/www.instagram.com\/festivalcooksound\/","https:\/\/www.linkedin.com\/in\/cooksound-festival-75bab7114\/","https:\/\/www.youtube.com\/user\/EvenementsCooksound"]}]}},"_links":{"self":[{"href":"https:\/\/www.cooksound.com\/en\/wp-json\/wp\/v2\/pages\/9308","targetHints":{"allow":["GET"]}}],"collection":[{"href":"https:\/\/www.cooksound.com\/en\/wp-json\/wp\/v2\/pages"}],"about":[{"href":"https:\/\/www.cooksound.com\/en\/wp-json\/wp\/v2\/types\/page"}],"author":[{"embeddable":true,"href":"https:\/\/www.cooksound.com\/en\/wp-json\/wp\/v2\/users\/1"}],"replies":[{"embeddable":true,"href":"https:\/\/www.cooksound.com\/en\/wp-json\/wp\/v2\/comments?post=9308"}],"version-history":[{"count":185,"href":"https:\/\/www.cooksound.com\/en\/wp-json\/wp\/v2\/pages\/9308\/revisions"}],"predecessor-version":[{"id":12675,"href":"https:\/\/www.cooksound.com\/en\/wp-json\/wp\/v2\/pages\/9308\/revisions\/12675"}],"up":[{"embeddable":true,"href":"https:\/\/www.cooksound.com\/en\/wp-json\/wp\/v2\/pages\/46"}],"wp:featuredmedia":[{"embeddable":true,"href":"https:\/\/www.cooksound.com\/en\/wp-json\/wp\/v2\/media\/9396"}],"wp:attachment":[{"href":"https:\/\/www.cooksound.com\/en\/wp-json\/wp\/v2\/media?parent=9308"}],"curies":[{"name":"wp","href":"https:\/\/api.w.org\/{rel}","templated":true}]}}