{"id":52,"date":"2021-03-31T18:37:04","date_gmt":"2021-03-31T16:37:04","guid":{"rendered":"https:\/\/www.cooksound.com\/?page_id=52"},"modified":"2024-06-11T15:42:25","modified_gmt":"2024-06-11T13:42:25","slug":"eco-responsabilite","status":"publish","type":"page","link":"https:\/\/www.cooksound.com\/en\/eco-responsabilite\/","title":{"rendered":"Eco-responsability"},"content":{"rendered":"<div data-elementor-type=\"wp-page\" data-elementor-id=\"52\" class=\"elementor elementor-52\" data-elementor-post-type=\"page\">\n\t\t\t\t\t\t<section class=\"elementor-section elementor-top-section elementor-element elementor-element-d0d9868 elementor-section-boxed elementor-section-height-default elementor-section-height-default\" data-id=\"d0d9868\" data-element_type=\"section\" data-e-type=\"section\">\n\t\t\t\t\t\t<div class=\"elementor-container elementor-column-gap-wider\">\n\t\t\t\t\t<div class=\"elementor-column elementor-col-100 elementor-top-column elementor-element elementor-element-a9e1c46\" data-id=\"a9e1c46\" data-element_type=\"column\" data-e-type=\"column\">\n\t\t\t<div class=\"elementor-widget-wrap elementor-element-populated\">\n\t\t\t\t\t\t<div class=\"elementor-element elementor-element-36c1c41 elementor-widget elementor-widget-heading\" data-id=\"36c1c41\" data-element_type=\"widget\" data-e-type=\"widget\" data-widget_type=\"heading.default\">\n\t\t\t\t<div class=\"elementor-widget-container\">\n\t\t\t\t\t<h3 class=\"elementor-heading-title elementor-size-default\">An eco-responsible festival<\/h3>\t\t\t\t<\/div>\n\t\t\t\t<\/div>\n\t\t\t\t<div class=\"elementor-element elementor-element-578e98e elementor-widget elementor-widget-text-editor\" data-id=\"578e98e\" data-element_type=\"widget\" data-e-type=\"widget\" data-widget_type=\"text-editor.default\">\n\t\t\t\t<div class=\"elementor-widget-container\">\n\t\t\t\t\t\t\t\t\t<p>The <strong>Cooksound Festival <\/strong>is part of a strong sustainable development policy, integrating eco-responsibility into its organization, with a large number of waste sorting and recycling systems, the presence of dry toilets, compostable dishes, and the incentive to carpooling to minimize greenhouse gas emissions. Since the beginning, our philosophy has always been to set up an event in line with our eco-responsible values \u200b\u200bby implementing various tools.<\/p>\t\t\t\t\t\t\t\t<\/div>\n\t\t\t\t<\/div>\n\t\t\t\t<div class=\"elementor-element elementor-element-6597f03 elementor-widget elementor-widget-image\" data-id=\"6597f03\" data-element_type=\"widget\" data-e-type=\"widget\" data-widget_type=\"image.default\">\n\t\t\t\t<div class=\"elementor-widget-container\">\n\t\t\t\t\t\t\t\t\t\t\t\t\t\t\t<img fetchpriority=\"high\" decoding=\"async\" width=\"440\" height=\"1024\" src=\"https:\/\/www.cooksound.com\/wp-content\/uploads\/2024\/05\/HD_Charte-2024-Definitve-FR_page-0001-1-440x1024.jpg\" class=\"attachment-large size-large wp-image-12636\" alt=\"\" srcset=\"https:\/\/www.cooksound.com\/wp-content\/uploads\/2024\/05\/HD_Charte-2024-Definitve-FR_page-0001-1-440x1024.jpg 440w, https:\/\/www.cooksound.com\/wp-content\/uploads\/2024\/05\/HD_Charte-2024-Definitve-FR_page-0001-1-129x300.jpg 129w, https:\/\/www.cooksound.com\/wp-content\/uploads\/2024\/05\/HD_Charte-2024-Definitve-FR_page-0001-1-768x1788.jpg 768w, https:\/\/www.cooksound.com\/wp-content\/uploads\/2024\/05\/HD_Charte-2024-Definitve-FR_page-0001-1-660x1536.jpg 660w, https:\/\/www.cooksound.com\/wp-content\/uploads\/2024\/05\/HD_Charte-2024-Definitve-FR_page-0001-1-880x2048.jpg 880w, https:\/\/www.cooksound.com\/wp-content\/uploads\/2024\/05\/HD_Charte-2024-Definitve-FR_page-0001-1-5x12.jpg 5w, https:\/\/www.cooksound.com\/wp-content\/uploads\/2024\/05\/HD_Charte-2024-Definitve-FR_page-0001-1-scaled.jpg 1100w\" sizes=\"(max-width: 440px) 100vw, 440px\" \/>\t\t\t\t\t\t\t\t\t\t\t\t\t\t\t<\/div>\n\t\t\t\t<\/div>\n\t\t\t\t<div class=\"elementor-element elementor-element-24412af elementor-widget elementor-widget-image\" data-id=\"24412af\" data-element_type=\"widget\" data-e-type=\"widget\" data-widget_type=\"image.default\">\n\t\t\t\t<div class=\"elementor-widget-container\">\n\t\t\t\t\t\t\t\t\t\t\t\t\t\t\t<img decoding=\"async\" width=\"658\" height=\"1024\" src=\"https:\/\/www.cooksound.com\/wp-content\/uploads\/2024\/06\/charte-fournisseurs-maj-2024-658x1024.png\" class=\"attachment-large size-large wp-image-12724\" alt=\"\" srcset=\"https:\/\/www.cooksound.com\/wp-content\/uploads\/2024\/06\/charte-fournisseurs-maj-2024-658x1024.png 658w, https:\/\/www.cooksound.com\/wp-content\/uploads\/2024\/06\/charte-fournisseurs-maj-2024-193x300.png 193w, https:\/\/www.cooksound.com\/wp-content\/uploads\/2024\/06\/charte-fournisseurs-maj-2024-768x1195.png 768w, https:\/\/www.cooksound.com\/wp-content\/uploads\/2024\/06\/charte-fournisseurs-maj-2024-987x1536.png 987w, https:\/\/www.cooksound.com\/wp-content\/uploads\/2024\/06\/charte-fournisseurs-maj-2024-1316x2048.png 1316w, https:\/\/www.cooksound.com\/wp-content\/uploads\/2024\/06\/charte-fournisseurs-maj-2024-8x12.png 8w, https:\/\/www.cooksound.com\/wp-content\/uploads\/2024\/06\/charte-fournisseurs-maj-2024.png 1328w\" sizes=\"(max-width: 658px) 100vw, 658px\" \/>\t\t\t\t\t\t\t\t\t\t\t\t\t\t\t<\/div>\n\t\t\t\t<\/div>\n\t\t\t\t<div class=\"elementor-element elementor-element-30d8901 elementor-widget__width-initial elementor-widget elementor-widget-text-editor\" data-id=\"30d8901\" data-element_type=\"widget\" data-e-type=\"widget\" data-widget_type=\"text-editor.default\">\n\t\t\t\t<div class=\"elementor-widget-container\">\n\t\t\t\t\t\t\t\t\t<p>The gastronomic aspect being an important part of the event, we use seasonal and organic food that we offer you throughout the festival. Our culinary proposals are of high quality due to our work with many agricultural producers, which helps to minimize greenhouse gas emissions due to transport.<\/p>\n<p>Non-perishable food that has not been used during the event are redeemed by the suppliers to avoid waste. We exclusively use biodegradable crockery (plate and cutlery) and we recycle our waste into composts in the shared gardens of the Municipality.<\/p>\t\t\t\t\t\t\t\t<\/div>\n\t\t\t\t<\/div>\n\t\t\t\t\t<\/div>\n\t\t<\/div>\n\t\t\t\t\t<\/div>\n\t\t<\/section>\n\t\t<div class=\"elementor-element elementor-element-29a19e5 e-flex e-con-boxed e-con e-parent\" data-id=\"29a19e5\" data-element_type=\"container\" data-e-type=\"container\">\n\t\t\t\t\t<div class=\"e-con-inner\">\n\t\t\t\t<div class=\"elementor-element elementor-element-784e641 elementor-widget elementor-widget-image\" data-id=\"784e641\" data-element_type=\"widget\" data-e-type=\"widget\" data-widget_type=\"image.default\">\n\t\t\t\t<div class=\"elementor-widget-container\">\n\t\t\t\t\t\t\t\t\t\t\t\t\t\t\t<img decoding=\"async\" width=\"300\" height=\"300\" src=\"https:\/\/www.cooksound.com\/wp-content\/uploads\/2023\/05\/image008-300x300.png\" class=\"attachment-medium size-medium wp-image-12185\" alt=\"\" srcset=\"https:\/\/www.cooksound.com\/wp-content\/uploads\/2023\/05\/image008-300x300.png 300w, https:\/\/www.cooksound.com\/wp-content\/uploads\/2023\/05\/image008-1024x1024.png 1024w, https:\/\/www.cooksound.com\/wp-content\/uploads\/2023\/05\/image008-150x150.png 150w, https:\/\/www.cooksound.com\/wp-content\/uploads\/2023\/05\/image008-768x768.png 768w, https:\/\/www.cooksound.com\/wp-content\/uploads\/2023\/05\/image008-12x12.png 12w, https:\/\/www.cooksound.com\/wp-content\/uploads\/2023\/05\/image008.png 1181w\" sizes=\"(max-width: 300px) 100vw, 300px\" \/>\t\t\t\t\t\t\t\t\t\t\t\t\t\t\t<\/div>\n\t\t\t\t<\/div>\n\t\t\t\t\t<\/div>\n\t\t\t\t<\/div>\n\t\t\t\t<\/div>","protected":false},"excerpt":{"rendered":"<p>Un festival \u00e9co-responsable Le Cooksound Festival s\u2019inscrit dans une forte politique de d\u00e9veloppement durable, int\u00e9grant l\u2019\u00e9co-responsabilit\u00e9 dans son organisation, avec un nombre important de dispositifs de tri des d\u00e9chets et de recyclage, la pr\u00e9sence de toilettes s\u00e8ches, la vaisselle compostable, et l\u2019incitation au covoiturage afin de minimiser les \u00e9missions de gaz \u00e0 effet de serre. [&hellip;]<\/p>\n","protected":false},"author":1,"featured_media":6793,"parent":0,"menu_order":0,"comment_status":"closed","ping_status":"closed","template":"","meta":{"_acf_changed":false,"footnotes":""},"class_list":["post-52","page","type-page","status-publish","has-post-thumbnail","hentry"],"acf":[],"yoast_head":"<!-- This site is optimized with the Yoast SEO plugin v27.4 - https:\/\/yoast.com\/product\/yoast-seo-wordpress\/ -->\n<title>\u00c9co-responsabilit\u00e9 - Cooksound Festival<\/title>\n<meta name=\"robots\" content=\"index, follow, max-snippet:-1, max-image-preview:large, max-video-preview:-1\" \/>\n<link rel=\"canonical\" href=\"https:\/\/www.cooksound.com\/en\/eco-responsabilite\/\" \/>\n<meta property=\"og:locale\" content=\"en_GB\" \/>\n<meta property=\"og:type\" content=\"article\" \/>\n<meta property=\"og:title\" content=\"\u00c9co-responsabilit\u00e9 - Cooksound Festival\" \/>\n<meta property=\"og:description\" content=\"Un festival \u00e9co-responsable Le Cooksound Festival s\u2019inscrit dans une forte politique de d\u00e9veloppement durable, int\u00e9grant l\u2019\u00e9co-responsabilit\u00e9 dans son organisation, avec un nombre important de dispositifs de tri des d\u00e9chets et de recyclage, la pr\u00e9sence de toilettes s\u00e8ches, la vaisselle compostable, et l\u2019incitation au covoiturage afin de minimiser les \u00e9missions de gaz \u00e0 effet de serre. [&hellip;]\" \/>\n<meta property=\"og:url\" content=\"https:\/\/www.cooksound.com\/en\/eco-responsabilite\/\" \/>\n<meta property=\"og:site_name\" content=\"Cooksound Festival\" \/>\n<meta property=\"article:publisher\" content=\"https:\/\/www.facebook.com\/CooksoundFestival\" \/>\n<meta property=\"article:modified_time\" content=\"2024-06-11T13:42:25+00:00\" \/>\n<meta property=\"og:image\" content=\"https:\/\/www.cooksound.com\/wp-content\/uploads\/2021\/04\/Le-Site-14.jpeg\" \/>\n\t<meta property=\"og:image:width\" content=\"1280\" \/>\n\t<meta property=\"og:image:height\" content=\"960\" \/>\n\t<meta property=\"og:image:type\" content=\"image\/jpeg\" \/>\n<meta name=\"twitter:card\" content=\"summary_large_image\" \/>\n<meta name=\"twitter:site\" content=\"@cooksoundfest\" \/>\n<meta name=\"twitter:label1\" content=\"Estimated reading time\" \/>\n\t<meta name=\"twitter:data1\" content=\"2 minutes\" \/>\n<script type=\"application\/ld+json\" class=\"yoast-schema-graph\">{\"@context\":\"https:\\\/\\\/schema.org\",\"@graph\":[{\"@type\":\"WebPage\",\"@id\":\"https:\\\/\\\/www.cooksound.com\\\/eco-responsabilite\\\/\",\"url\":\"https:\\\/\\\/www.cooksound.com\\\/eco-responsabilite\\\/\",\"name\":\"\u00c9co-responsabilit\u00e9 - Cooksound Festival\",\"isPartOf\":{\"@id\":\"https:\\\/\\\/www.cooksound.com\\\/#website\"},\"primaryImageOfPage\":{\"@id\":\"https:\\\/\\\/www.cooksound.com\\\/eco-responsabilite\\\/#primaryimage\"},\"image\":{\"@id\":\"https:\\\/\\\/www.cooksound.com\\\/eco-responsabilite\\\/#primaryimage\"},\"thumbnailUrl\":\"https:\\\/\\\/www.cooksound.com\\\/wp-content\\\/uploads\\\/2021\\\/04\\\/Le-Site-14.jpeg\",\"datePublished\":\"2021-03-31T16:37:04+00:00\",\"dateModified\":\"2024-06-11T13:42:25+00:00\",\"breadcrumb\":{\"@id\":\"https:\\\/\\\/www.cooksound.com\\\/eco-responsabilite\\\/#breadcrumb\"},\"inLanguage\":\"en-GB\",\"potentialAction\":[{\"@type\":\"ReadAction\",\"target\":[\"https:\\\/\\\/www.cooksound.com\\\/eco-responsabilite\\\/\"]}]},{\"@type\":\"ImageObject\",\"inLanguage\":\"en-GB\",\"@id\":\"https:\\\/\\\/www.cooksound.com\\\/eco-responsabilite\\\/#primaryimage\",\"url\":\"https:\\\/\\\/www.cooksound.com\\\/wp-content\\\/uploads\\\/2021\\\/04\\\/Le-Site-14.jpeg\",\"contentUrl\":\"https:\\\/\\\/www.cooksound.com\\\/wp-content\\\/uploads\\\/2021\\\/04\\\/Le-Site-14.jpeg\",\"width\":1280,\"height\":960},{\"@type\":\"BreadcrumbList\",\"@id\":\"https:\\\/\\\/www.cooksound.com\\\/eco-responsabilite\\\/#breadcrumb\",\"itemListElement\":[{\"@type\":\"ListItem\",\"position\":1,\"name\":\"Accueil\",\"item\":\"https:\\\/\\\/www.cooksound.com\\\/\"},{\"@type\":\"ListItem\",\"position\":2,\"name\":\"\u00c9co-responsabilit\u00e9\"}]},{\"@type\":\"WebSite\",\"@id\":\"https:\\\/\\\/www.cooksound.com\\\/#website\",\"url\":\"https:\\\/\\\/www.cooksound.com\\\/\",\"name\":\"Cooksound Festival\",\"description\":\"Musique et gastronomie\",\"publisher\":{\"@id\":\"https:\\\/\\\/www.cooksound.com\\\/#organization\"},\"potentialAction\":[{\"@type\":\"SearchAction\",\"target\":{\"@type\":\"EntryPoint\",\"urlTemplate\":\"https:\\\/\\\/www.cooksound.com\\\/?s={search_term_string}\"},\"query-input\":{\"@type\":\"PropertyValueSpecification\",\"valueRequired\":true,\"valueName\":\"search_term_string\"}}],\"inLanguage\":\"en-GB\"},{\"@type\":\"Organization\",\"@id\":\"https:\\\/\\\/www.cooksound.com\\\/#organization\",\"name\":\"Cooksound Festival\",\"url\":\"https:\\\/\\\/www.cooksound.com\\\/\",\"logo\":{\"@type\":\"ImageObject\",\"inLanguage\":\"en-GB\",\"@id\":\"https:\\\/\\\/www.cooksound.com\\\/#\\\/schema\\\/logo\\\/image\\\/\",\"url\":\"https:\\\/\\\/www.cooksound.com\\\/wp-content\\\/uploads\\\/2021\\\/04\\\/logo-cooksound-noir.svg\",\"contentUrl\":\"https:\\\/\\\/www.cooksound.com\\\/wp-content\\\/uploads\\\/2021\\\/04\\\/logo-cooksound-noir.svg\",\"width\":1,\"height\":1,\"caption\":\"Cooksound Festival\"},\"image\":{\"@id\":\"https:\\\/\\\/www.cooksound.com\\\/#\\\/schema\\\/logo\\\/image\\\/\"},\"sameAs\":[\"https:\\\/\\\/www.facebook.com\\\/CooksoundFestival\",\"https:\\\/\\\/x.com\\\/cooksoundfest\",\"https:\\\/\\\/www.instagram.com\\\/festivalcooksound\\\/\",\"https:\\\/\\\/www.linkedin.com\\\/in\\\/cooksound-festival-75bab7114\\\/\",\"https:\\\/\\\/www.youtube.com\\\/user\\\/EvenementsCooksound\"]}]}<\/script>\n<!-- \/ Yoast SEO plugin. -->","yoast_head_json":{"title":"\u00c9co-responsabilit\u00e9 - Cooksound Festival","robots":{"index":"index","follow":"follow","max-snippet":"max-snippet:-1","max-image-preview":"max-image-preview:large","max-video-preview":"max-video-preview:-1"},"canonical":"https:\/\/www.cooksound.com\/en\/eco-responsabilite\/","og_locale":"en_GB","og_type":"article","og_title":"\u00c9co-responsabilit\u00e9 - Cooksound Festival","og_description":"Un festival \u00e9co-responsable Le Cooksound Festival s\u2019inscrit dans une forte politique de d\u00e9veloppement durable, int\u00e9grant l\u2019\u00e9co-responsabilit\u00e9 dans son organisation, avec un nombre important de dispositifs de tri des d\u00e9chets et de recyclage, la pr\u00e9sence de toilettes s\u00e8ches, la vaisselle compostable, et l\u2019incitation au covoiturage afin de minimiser les \u00e9missions de gaz \u00e0 effet de serre. [&hellip;]","og_url":"https:\/\/www.cooksound.com\/en\/eco-responsabilite\/","og_site_name":"Cooksound Festival","article_publisher":"https:\/\/www.facebook.com\/CooksoundFestival","article_modified_time":"2024-06-11T13:42:25+00:00","og_image":[{"width":1280,"height":960,"url":"https:\/\/www.cooksound.com\/wp-content\/uploads\/2021\/04\/Le-Site-14.jpeg","type":"image\/jpeg"}],"twitter_card":"summary_large_image","twitter_site":"@cooksoundfest","twitter_misc":{"Estimated reading time":"2 minutes"},"schema":{"@context":"https:\/\/schema.org","@graph":[{"@type":"WebPage","@id":"https:\/\/www.cooksound.com\/eco-responsabilite\/","url":"https:\/\/www.cooksound.com\/eco-responsabilite\/","name":"\u00c9co-responsabilit\u00e9 - Cooksound Festival","isPartOf":{"@id":"https:\/\/www.cooksound.com\/#website"},"primaryImageOfPage":{"@id":"https:\/\/www.cooksound.com\/eco-responsabilite\/#primaryimage"},"image":{"@id":"https:\/\/www.cooksound.com\/eco-responsabilite\/#primaryimage"},"thumbnailUrl":"https:\/\/www.cooksound.com\/wp-content\/uploads\/2021\/04\/Le-Site-14.jpeg","datePublished":"2021-03-31T16:37:04+00:00","dateModified":"2024-06-11T13:42:25+00:00","breadcrumb":{"@id":"https:\/\/www.cooksound.com\/eco-responsabilite\/#breadcrumb"},"inLanguage":"en-GB","potentialAction":[{"@type":"ReadAction","target":["https:\/\/www.cooksound.com\/eco-responsabilite\/"]}]},{"@type":"ImageObject","inLanguage":"en-GB","@id":"https:\/\/www.cooksound.com\/eco-responsabilite\/#primaryimage","url":"https:\/\/www.cooksound.com\/wp-content\/uploads\/2021\/04\/Le-Site-14.jpeg","contentUrl":"https:\/\/www.cooksound.com\/wp-content\/uploads\/2021\/04\/Le-Site-14.jpeg","width":1280,"height":960},{"@type":"BreadcrumbList","@id":"https:\/\/www.cooksound.com\/eco-responsabilite\/#breadcrumb","itemListElement":[{"@type":"ListItem","position":1,"name":"Accueil","item":"https:\/\/www.cooksound.com\/"},{"@type":"ListItem","position":2,"name":"\u00c9co-responsabilit\u00e9"}]},{"@type":"WebSite","@id":"https:\/\/www.cooksound.com\/#website","url":"https:\/\/www.cooksound.com\/","name":"Cooksound Festival","description":"Musique et gastronomie","publisher":{"@id":"https:\/\/www.cooksound.com\/#organization"},"potentialAction":[{"@type":"SearchAction","target":{"@type":"EntryPoint","urlTemplate":"https:\/\/www.cooksound.com\/?s={search_term_string}"},"query-input":{"@type":"PropertyValueSpecification","valueRequired":true,"valueName":"search_term_string"}}],"inLanguage":"en-GB"},{"@type":"Organization","@id":"https:\/\/www.cooksound.com\/#organization","name":"Cooksound Festival","url":"https:\/\/www.cooksound.com\/","logo":{"@type":"ImageObject","inLanguage":"en-GB","@id":"https:\/\/www.cooksound.com\/#\/schema\/logo\/image\/","url":"https:\/\/www.cooksound.com\/wp-content\/uploads\/2021\/04\/logo-cooksound-noir.svg","contentUrl":"https:\/\/www.cooksound.com\/wp-content\/uploads\/2021\/04\/logo-cooksound-noir.svg","width":1,"height":1,"caption":"Cooksound Festival"},"image":{"@id":"https:\/\/www.cooksound.com\/#\/schema\/logo\/image\/"},"sameAs":["https:\/\/www.facebook.com\/CooksoundFestival","https:\/\/x.com\/cooksoundfest","https:\/\/www.instagram.com\/festivalcooksound\/","https:\/\/www.linkedin.com\/in\/cooksound-festival-75bab7114\/","https:\/\/www.youtube.com\/user\/EvenementsCooksound"]}]}},"_links":{"self":[{"href":"https:\/\/www.cooksound.com\/en\/wp-json\/wp\/v2\/pages\/52","targetHints":{"allow":["GET"]}}],"collection":[{"href":"https:\/\/www.cooksound.com\/en\/wp-json\/wp\/v2\/pages"}],"about":[{"href":"https:\/\/www.cooksound.com\/en\/wp-json\/wp\/v2\/types\/page"}],"author":[{"embeddable":true,"href":"https:\/\/www.cooksound.com\/en\/wp-json\/wp\/v2\/users\/1"}],"replies":[{"embeddable":true,"href":"https:\/\/www.cooksound.com\/en\/wp-json\/wp\/v2\/comments?post=52"}],"version-history":[{"count":115,"href":"https:\/\/www.cooksound.com\/en\/wp-json\/wp\/v2\/pages\/52\/revisions"}],"predecessor-version":[{"id":12727,"href":"https:\/\/www.cooksound.com\/en\/wp-json\/wp\/v2\/pages\/52\/revisions\/12727"}],"wp:featuredmedia":[{"embeddable":true,"href":"https:\/\/www.cooksound.com\/en\/wp-json\/wp\/v2\/media\/6793"}],"wp:attachment":[{"href":"https:\/\/www.cooksound.com\/en\/wp-json\/wp\/v2\/media?parent=52"}],"curies":[{"name":"wp","href":"https:\/\/api.w.org\/{rel}","templated":true}]}}