{"id":48,"date":"2021-03-31T18:36:13","date_gmt":"2021-03-31T16:36:13","guid":{"rendered":"https:\/\/www.cooksound.com\/?page_id=48"},"modified":"2024-05-14T11:52:44","modified_gmt":"2024-05-14T09:52:44","slug":"message-du-directeur","status":"publish","type":"page","link":"https:\/\/www.cooksound.com\/en\/message-du-directeur\/","title":{"rendered":"Message from the Director"},"content":{"rendered":"<div data-elementor-type=\"wp-page\" data-elementor-id=\"48\" class=\"elementor elementor-48\" data-elementor-post-type=\"page\">\n\t\t\t\t\t\t<section class=\"elementor-section elementor-top-section elementor-element elementor-element-658b2d3 elementor-section-boxed elementor-section-height-default elementor-section-height-default\" data-id=\"658b2d3\" data-element_type=\"section\" data-e-type=\"section\">\n\t\t\t\t\t\t<div class=\"elementor-container elementor-column-gap-wider\">\n\t\t\t\t\t<div class=\"elementor-column elementor-col-100 elementor-top-column elementor-element elementor-element-e446778\" data-id=\"e446778\" data-element_type=\"column\" data-e-type=\"column\">\n\t\t\t<div class=\"elementor-widget-wrap elementor-element-populated\">\n\t\t\t\t\t\t<div class=\"elementor-element elementor-element-68107fd elementor-widget elementor-widget-text-editor\" data-id=\"68107fd\" data-element_type=\"widget\" data-e-type=\"widget\" data-widget_type=\"text-editor.default\">\n\t\t\t\t<div class=\"elementor-widget-container\">\n\t\t\t\t\t\t\t\t\t<p>Chers Festivalier(e)s,<\/p><p>Pour cette 13e \u00e9dition nous avons souhait\u00e9 conserver les valeurs et ingr\u00e9dients fondamentaux qui ont fait le succ\u00e8s du festival depuis ces derni\u00e8res ann\u00e9es : \u00e9motions, rencontres, d\u00e9couvertes, partages et \u00e9co-responsabilit\u00e9.<\/p><p>Mais pour sauver le Cooksound et garder le cap il a fallu prendre une d\u00e9cision importante ! En effet la culture a un co\u00fbt et sans la contribution du public il est de plus en plus difficile de maintenir ce temps fort populaire, familial, dot\u00e9 d\u2019une programmation artistique alternant d\u00e9couvertes musicales et artistes confirm\u00e9s.<\/p><p><br \/>C\u2019est pourquoi apr\u00e8s avoir propos\u00e9 un acc\u00e8s gratuit durant 12 ans, nous avons d\u00e9cid\u00e9 cette ann\u00e9e de rendre l\u2019acc\u00e8s au festival payant tout en maintenant une tarification basse et symbolique. Celle-ci permettra malgr\u00e9 tout de prendre en compte le co\u00fbt important que repr\u00e9sente la r\u00e9alisation de 3 jours de festival, tout en b\u00e9n\u00e9ficiant d\u2019une programmation compl\u00e8te et de qualit\u00e9. Cette ann\u00e9e pas de th\u00e9matique sp\u00e9cifique afin d\u2019incarner au mieux les valeurs de diversit\u00e9 et pluralit\u00e9 du festival. C\u2019est donc une programmation vari\u00e9e avec des esth\u00e9tiques larges qui rassembleront notre public dans les jardins et clo\u00eetre des Cordeliers.<\/p><p><br \/>Nous maintenons \u00e9videmment notre ligne directrice : musique et gastronomie ou la concordance des sens avec la partie \u201cCook\u201d. Elle fera honneur \u00e0 sa r\u00e9putation avec des propositions culinaires de qualit\u00e9 mettant en avant le territoire issues de produits locaux, de saison (agriculture biologique ou raisonn\u00e9e).<\/p><p>Rendez-vous les <strong>18, 19 et 20 juillet 2024<\/strong> pour f\u00eater ensemble cette 13e \u00e9dition !<\/p><p><span style=\"font-weight: 400;\">Laurent KOUBY, d<\/span><span style=\"font-weight: 400;\">irector of the Cooksound Festival<\/span><\/p>\t\t\t\t\t\t\t\t<\/div>\n\t\t\t\t<\/div>\n\t\t\t\t\t<\/div>\n\t\t<\/div>\n\t\t\t\t\t<\/div>\n\t\t<\/section>\n\t\t<div class=\"elementor-element elementor-element-640a6a7 e-flex e-con-boxed e-con e-parent\" data-id=\"640a6a7\" data-element_type=\"container\" data-e-type=\"container\">\n\t\t\t\t\t<div class=\"e-con-inner\">\n\t\t\t\t\t<\/div>\n\t\t\t\t<\/div>\n\t\t\t\t<\/div>","protected":false},"excerpt":{"rendered":"<p>Chers Festivalier(e)s, Pour cette 13e \u00e9dition nous avons souhait\u00e9 conserver les valeurs et ingr\u00e9dients fondamentaux qui ont fait le succ\u00e8s du festival depuis ces derni\u00e8res ann\u00e9es : \u00e9motions, rencontres, d\u00e9couvertes, partages et \u00e9co-responsabilit\u00e9. Mais pour sauver le Cooksound et garder le cap il a fallu prendre une d\u00e9cision importante ! En effet la culture a [&hellip;]<\/p>\n","protected":false},"author":1,"featured_media":9458,"parent":0,"menu_order":0,"comment_status":"closed","ping_status":"closed","template":"","meta":{"_acf_changed":false,"footnotes":""},"class_list":["post-48","page","type-page","status-publish","has-post-thumbnail","hentry"],"acf":[],"yoast_head":"<!-- This site is optimized with the Yoast SEO plugin v27.4 - https:\/\/yoast.com\/product\/yoast-seo-wordpress\/ -->\n<title>Le mot du directeur - Cooksound Festival<\/title>\n<meta name=\"robots\" content=\"index, follow, max-snippet:-1, max-image-preview:large, max-video-preview:-1\" \/>\n<link rel=\"canonical\" href=\"https:\/\/www.cooksound.com\/en\/message-du-directeur\/\" \/>\n<meta property=\"og:locale\" content=\"en_GB\" \/>\n<meta property=\"og:type\" content=\"article\" \/>\n<meta property=\"og:title\" content=\"Le mot du directeur - Cooksound Festival\" \/>\n<meta property=\"og:description\" content=\"Chers Festivalier(e)s, Pour cette 13e \u00e9dition nous avons souhait\u00e9 conserver les valeurs et ingr\u00e9dients fondamentaux qui ont fait le succ\u00e8s du festival depuis ces derni\u00e8res ann\u00e9es : \u00e9motions, rencontres, d\u00e9couvertes, partages et \u00e9co-responsabilit\u00e9. Mais pour sauver le Cooksound et garder le cap il a fallu prendre une d\u00e9cision importante ! En effet la culture a [&hellip;]\" \/>\n<meta property=\"og:url\" content=\"https:\/\/www.cooksound.com\/en\/message-du-directeur\/\" \/>\n<meta property=\"og:site_name\" content=\"Cooksound Festival\" \/>\n<meta property=\"article:publisher\" content=\"https:\/\/www.facebook.com\/CooksoundFestival\" \/>\n<meta property=\"article:modified_time\" content=\"2024-05-14T09:52:44+00:00\" \/>\n<meta property=\"og:image\" content=\"https:\/\/www.cooksound.com\/wp-content\/uploads\/2021\/05\/laurent-kouby-4429.jpg\" \/>\n\t<meta property=\"og:image:width\" content=\"1275\" \/>\n\t<meta property=\"og:image:height\" content=\"850\" \/>\n\t<meta property=\"og:image:type\" content=\"image\/jpeg\" \/>\n<meta name=\"twitter:card\" content=\"summary_large_image\" \/>\n<meta name=\"twitter:site\" content=\"@cooksoundfest\" \/>\n<meta name=\"twitter:label1\" content=\"Estimated reading time\" \/>\n\t<meta name=\"twitter:data1\" content=\"2 minutes\" \/>\n<script type=\"application\/ld+json\" class=\"yoast-schema-graph\">{\"@context\":\"https:\\\/\\\/schema.org\",\"@graph\":[{\"@type\":\"WebPage\",\"@id\":\"https:\\\/\\\/www.cooksound.com\\\/message-du-directeur\\\/\",\"url\":\"https:\\\/\\\/www.cooksound.com\\\/message-du-directeur\\\/\",\"name\":\"Le mot du directeur - Cooksound Festival\",\"isPartOf\":{\"@id\":\"https:\\\/\\\/www.cooksound.com\\\/#website\"},\"primaryImageOfPage\":{\"@id\":\"https:\\\/\\\/www.cooksound.com\\\/message-du-directeur\\\/#primaryimage\"},\"image\":{\"@id\":\"https:\\\/\\\/www.cooksound.com\\\/message-du-directeur\\\/#primaryimage\"},\"thumbnailUrl\":\"https:\\\/\\\/www.cooksound.com\\\/wp-content\\\/uploads\\\/2021\\\/05\\\/laurent-kouby-4429.jpg\",\"datePublished\":\"2021-03-31T16:36:13+00:00\",\"dateModified\":\"2024-05-14T09:52:44+00:00\",\"breadcrumb\":{\"@id\":\"https:\\\/\\\/www.cooksound.com\\\/message-du-directeur\\\/#breadcrumb\"},\"inLanguage\":\"en-GB\",\"potentialAction\":[{\"@type\":\"ReadAction\",\"target\":[\"https:\\\/\\\/www.cooksound.com\\\/message-du-directeur\\\/\"]}]},{\"@type\":\"ImageObject\",\"inLanguage\":\"en-GB\",\"@id\":\"https:\\\/\\\/www.cooksound.com\\\/message-du-directeur\\\/#primaryimage\",\"url\":\"https:\\\/\\\/www.cooksound.com\\\/wp-content\\\/uploads\\\/2021\\\/05\\\/laurent-kouby-4429.jpg\",\"contentUrl\":\"https:\\\/\\\/www.cooksound.com\\\/wp-content\\\/uploads\\\/2021\\\/05\\\/laurent-kouby-4429.jpg\",\"width\":1275,\"height\":850},{\"@type\":\"BreadcrumbList\",\"@id\":\"https:\\\/\\\/www.cooksound.com\\\/message-du-directeur\\\/#breadcrumb\",\"itemListElement\":[{\"@type\":\"ListItem\",\"position\":1,\"name\":\"Accueil\",\"item\":\"https:\\\/\\\/www.cooksound.com\\\/\"},{\"@type\":\"ListItem\",\"position\":2,\"name\":\"Le mot du directeur\"}]},{\"@type\":\"WebSite\",\"@id\":\"https:\\\/\\\/www.cooksound.com\\\/#website\",\"url\":\"https:\\\/\\\/www.cooksound.com\\\/\",\"name\":\"Cooksound Festival\",\"description\":\"Musique et gastronomie\",\"publisher\":{\"@id\":\"https:\\\/\\\/www.cooksound.com\\\/#organization\"},\"potentialAction\":[{\"@type\":\"SearchAction\",\"target\":{\"@type\":\"EntryPoint\",\"urlTemplate\":\"https:\\\/\\\/www.cooksound.com\\\/?s={search_term_string}\"},\"query-input\":{\"@type\":\"PropertyValueSpecification\",\"valueRequired\":true,\"valueName\":\"search_term_string\"}}],\"inLanguage\":\"en-GB\"},{\"@type\":\"Organization\",\"@id\":\"https:\\\/\\\/www.cooksound.com\\\/#organization\",\"name\":\"Cooksound Festival\",\"url\":\"https:\\\/\\\/www.cooksound.com\\\/\",\"logo\":{\"@type\":\"ImageObject\",\"inLanguage\":\"en-GB\",\"@id\":\"https:\\\/\\\/www.cooksound.com\\\/#\\\/schema\\\/logo\\\/image\\\/\",\"url\":\"https:\\\/\\\/www.cooksound.com\\\/wp-content\\\/uploads\\\/2021\\\/04\\\/logo-cooksound-noir.svg\",\"contentUrl\":\"https:\\\/\\\/www.cooksound.com\\\/wp-content\\\/uploads\\\/2021\\\/04\\\/logo-cooksound-noir.svg\",\"width\":1,\"height\":1,\"caption\":\"Cooksound Festival\"},\"image\":{\"@id\":\"https:\\\/\\\/www.cooksound.com\\\/#\\\/schema\\\/logo\\\/image\\\/\"},\"sameAs\":[\"https:\\\/\\\/www.facebook.com\\\/CooksoundFestival\",\"https:\\\/\\\/x.com\\\/cooksoundfest\",\"https:\\\/\\\/www.instagram.com\\\/festivalcooksound\\\/\",\"https:\\\/\\\/www.linkedin.com\\\/in\\\/cooksound-festival-75bab7114\\\/\",\"https:\\\/\\\/www.youtube.com\\\/user\\\/EvenementsCooksound\"]}]}<\/script>\n<!-- \/ Yoast SEO plugin. -->","yoast_head_json":{"title":"Le mot du directeur - Cooksound Festival","robots":{"index":"index","follow":"follow","max-snippet":"max-snippet:-1","max-image-preview":"max-image-preview:large","max-video-preview":"max-video-preview:-1"},"canonical":"https:\/\/www.cooksound.com\/en\/message-du-directeur\/","og_locale":"en_GB","og_type":"article","og_title":"Le mot du directeur - Cooksound Festival","og_description":"Chers Festivalier(e)s, Pour cette 13e \u00e9dition nous avons souhait\u00e9 conserver les valeurs et ingr\u00e9dients fondamentaux qui ont fait le succ\u00e8s du festival depuis ces derni\u00e8res ann\u00e9es : \u00e9motions, rencontres, d\u00e9couvertes, partages et \u00e9co-responsabilit\u00e9. Mais pour sauver le Cooksound et garder le cap il a fallu prendre une d\u00e9cision importante ! En effet la culture a [&hellip;]","og_url":"https:\/\/www.cooksound.com\/en\/message-du-directeur\/","og_site_name":"Cooksound Festival","article_publisher":"https:\/\/www.facebook.com\/CooksoundFestival","article_modified_time":"2024-05-14T09:52:44+00:00","og_image":[{"width":1275,"height":850,"url":"https:\/\/www.cooksound.com\/wp-content\/uploads\/2021\/05\/laurent-kouby-4429.jpg","type":"image\/jpeg"}],"twitter_card":"summary_large_image","twitter_site":"@cooksoundfest","twitter_misc":{"Estimated reading time":"2 minutes"},"schema":{"@context":"https:\/\/schema.org","@graph":[{"@type":"WebPage","@id":"https:\/\/www.cooksound.com\/message-du-directeur\/","url":"https:\/\/www.cooksound.com\/message-du-directeur\/","name":"Le mot du directeur - Cooksound Festival","isPartOf":{"@id":"https:\/\/www.cooksound.com\/#website"},"primaryImageOfPage":{"@id":"https:\/\/www.cooksound.com\/message-du-directeur\/#primaryimage"},"image":{"@id":"https:\/\/www.cooksound.com\/message-du-directeur\/#primaryimage"},"thumbnailUrl":"https:\/\/www.cooksound.com\/wp-content\/uploads\/2021\/05\/laurent-kouby-4429.jpg","datePublished":"2021-03-31T16:36:13+00:00","dateModified":"2024-05-14T09:52:44+00:00","breadcrumb":{"@id":"https:\/\/www.cooksound.com\/message-du-directeur\/#breadcrumb"},"inLanguage":"en-GB","potentialAction":[{"@type":"ReadAction","target":["https:\/\/www.cooksound.com\/message-du-directeur\/"]}]},{"@type":"ImageObject","inLanguage":"en-GB","@id":"https:\/\/www.cooksound.com\/message-du-directeur\/#primaryimage","url":"https:\/\/www.cooksound.com\/wp-content\/uploads\/2021\/05\/laurent-kouby-4429.jpg","contentUrl":"https:\/\/www.cooksound.com\/wp-content\/uploads\/2021\/05\/laurent-kouby-4429.jpg","width":1275,"height":850},{"@type":"BreadcrumbList","@id":"https:\/\/www.cooksound.com\/message-du-directeur\/#breadcrumb","itemListElement":[{"@type":"ListItem","position":1,"name":"Accueil","item":"https:\/\/www.cooksound.com\/"},{"@type":"ListItem","position":2,"name":"Le mot du directeur"}]},{"@type":"WebSite","@id":"https:\/\/www.cooksound.com\/#website","url":"https:\/\/www.cooksound.com\/","name":"Cooksound Festival","description":"Musique et gastronomie","publisher":{"@id":"https:\/\/www.cooksound.com\/#organization"},"potentialAction":[{"@type":"SearchAction","target":{"@type":"EntryPoint","urlTemplate":"https:\/\/www.cooksound.com\/?s={search_term_string}"},"query-input":{"@type":"PropertyValueSpecification","valueRequired":true,"valueName":"search_term_string"}}],"inLanguage":"en-GB"},{"@type":"Organization","@id":"https:\/\/www.cooksound.com\/#organization","name":"Cooksound Festival","url":"https:\/\/www.cooksound.com\/","logo":{"@type":"ImageObject","inLanguage":"en-GB","@id":"https:\/\/www.cooksound.com\/#\/schema\/logo\/image\/","url":"https:\/\/www.cooksound.com\/wp-content\/uploads\/2021\/04\/logo-cooksound-noir.svg","contentUrl":"https:\/\/www.cooksound.com\/wp-content\/uploads\/2021\/04\/logo-cooksound-noir.svg","width":1,"height":1,"caption":"Cooksound Festival"},"image":{"@id":"https:\/\/www.cooksound.com\/#\/schema\/logo\/image\/"},"sameAs":["https:\/\/www.facebook.com\/CooksoundFestival","https:\/\/x.com\/cooksoundfest","https:\/\/www.instagram.com\/festivalcooksound\/","https:\/\/www.linkedin.com\/in\/cooksound-festival-75bab7114\/","https:\/\/www.youtube.com\/user\/EvenementsCooksound"]}]}},"_links":{"self":[{"href":"https:\/\/www.cooksound.com\/en\/wp-json\/wp\/v2\/pages\/48","targetHints":{"allow":["GET"]}}],"collection":[{"href":"https:\/\/www.cooksound.com\/en\/wp-json\/wp\/v2\/pages"}],"about":[{"href":"https:\/\/www.cooksound.com\/en\/wp-json\/wp\/v2\/types\/page"}],"author":[{"embeddable":true,"href":"https:\/\/www.cooksound.com\/en\/wp-json\/wp\/v2\/users\/1"}],"replies":[{"embeddable":true,"href":"https:\/\/www.cooksound.com\/en\/wp-json\/wp\/v2\/comments?post=48"}],"version-history":[{"count":87,"href":"https:\/\/www.cooksound.com\/en\/wp-json\/wp\/v2\/pages\/48\/revisions"}],"predecessor-version":[{"id":12610,"href":"https:\/\/www.cooksound.com\/en\/wp-json\/wp\/v2\/pages\/48\/revisions\/12610"}],"wp:featuredmedia":[{"embeddable":true,"href":"https:\/\/www.cooksound.com\/en\/wp-json\/wp\/v2\/media\/9458"}],"wp:attachment":[{"href":"https:\/\/www.cooksound.com\/en\/wp-json\/wp\/v2\/media?parent=48"}],"curies":[{"name":"wp","href":"https:\/\/api.w.org\/{rel}","templated":true}]}}