{"id":10311,"date":"2021-11-22T13:41:57","date_gmt":"2021-11-22T12:41:57","guid":{"rendered":"https:\/\/www.cooksound.com\/?page_id=10311"},"modified":"2021-11-30T11:43:29","modified_gmt":"2021-11-30T10:43:29","slug":"ressources","status":"publish","type":"page","link":"https:\/\/www.cooksound.com\/en\/ressources\/","title":{"rendered":"Ressources"},"content":{"rendered":"<div data-elementor-type=\"wp-page\" data-elementor-id=\"10311\" class=\"elementor elementor-10311\" data-elementor-post-type=\"page\">\n\t\t\t\t\t\t<section class=\"elementor-section elementor-top-section elementor-element elementor-element-d25e45f elementor-section-boxed elementor-section-height-default elementor-section-height-default\" data-id=\"d25e45f\" data-element_type=\"section\" data-e-type=\"section\">\n\t\t\t\t\t\t<div class=\"elementor-container elementor-column-gap-default\">\n\t\t\t\t\t<div class=\"elementor-column elementor-col-100 elementor-top-column elementor-element elementor-element-41aff74\" data-id=\"41aff74\" data-element_type=\"column\" data-e-type=\"column\">\n\t\t\t<div class=\"elementor-widget-wrap elementor-element-populated\">\n\t\t\t\t\t\t<div class=\"elementor-element elementor-element-02c01b9 elementor-widget elementor-widget-heading\" data-id=\"02c01b9\" data-element_type=\"widget\" data-e-type=\"widget\" data-widget_type=\"heading.default\">\n\t\t\t\t<div class=\"elementor-widget-container\">\n\t\t\t\t\t<h4 class=\"elementor-heading-title elementor-size-default\">22.11.2021<\/h4>\t\t\t\t<\/div>\n\t\t\t\t<\/div>\n\t\t\t\t<div class=\"elementor-element elementor-element-c396a0a elementor-widget elementor-widget-heading\" data-id=\"c396a0a\" data-element_type=\"widget\" data-e-type=\"widget\" data-widget_type=\"heading.default\">\n\t\t\t\t<div class=\"elementor-widget-container\">\n\t\t\t\t\t<h2 class=\"elementor-heading-title elementor-size-default\">Audience &amp; socio-economic impact Study<\/h2>\t\t\t\t<\/div>\n\t\t\t\t<\/div>\n\t\t\t\t<div class=\"elementor-element elementor-element-4c96447 elementor-widget elementor-widget-text-editor\" data-id=\"4c96447\" data-element_type=\"widget\" data-e-type=\"widget\" data-widget_type=\"text-editor.default\">\n\t\t\t\t<div class=\"elementor-widget-container\">\n\t\t\t\t\t\t\t\t\t<p>Retrouvez ci-dessous une synth\u00e8se de l&#8217;\u00e9tude men\u00e9e par le cabinet <a href=\"https:\/\/www.gece.fr\">GECE<\/a>, based in Rennes, on the audiences and the socio-economic benefits of the festival.<\/p>\t\t\t\t\t\t\t\t<\/div>\n\t\t\t\t<\/div>\n\t\t\t\t<div class=\"elementor-element elementor-element-c520b61 elementor-widget elementor-widget-button\" data-id=\"c520b61\" data-element_type=\"widget\" data-e-type=\"widget\" data-widget_type=\"button.default\">\n\t\t\t\t<div class=\"elementor-widget-container\">\n\t\t\t\t\t\t\t\t\t<div class=\"elementor-button-wrapper\">\n\t\t\t\t\t<a class=\"elementor-button elementor-button-link elementor-size-sm\" href=\"https:\/\/www.cooksound.com\/wp-content\/uploads\/2021\/11\/COOKSOUND_syntheseGECE.pdf\">\n\t\t\t\t\t\t<span class=\"elementor-button-content-wrapper\">\n\t\t\t\t\t\t<span class=\"elementor-button-icon\">\n\t\t\t\t<svg aria-hidden=\"true\" class=\"e-font-icon-svg e-far-file-pdf\" viewbox=\"0 0 384 512\" xmlns=\"http:\/\/www.w3.org\/2000\/svg\"><path d=\"M369.9 97.9L286 14C277 5 264.8-.1 252.1-.1H48C21.5 0 0 21.5 0 48v416c0 26.5 21.5 48 48 48h288c26.5 0 48-21.5 48-48V131.9c0-12.7-5.1-25-14.1-34zM332.1 128H256V51.9l76.1 76.1zM48 464V48h160v104c0 13.3 10.7 24 24 24h104v288H48zm250.2-143.7c-12.2-12-47-8.7-64.4-6.5-17.2-10.5-28.7-25-36.8-46.3 3.9-16.1 10.1-40.6 5.4-56-4.2-26.2-37.8-23.6-42.6-5.9-4.4 16.1-.4 38.5 7 67.1-10 23.9-24.9 56-35.4 74.4-20 10.3-47 26.2-51 46.2-3.3 15.8 26 55.2 76.1-31.2 22.4-7.4 46.8-16.5 68.4-20.1 18.9 10.2 41 17 55.8 17 25.5 0 28-28.2 17.5-38.7zm-198.1 77.8c5.1-13.7 24.5-29.5 30.4-35-19 30.3-30.4 35.7-30.4 35zm81.6-190.6c7.4 0 6.7 32.1 1.8 40.8-4.4-13.9-4.3-40.8-1.8-40.8zm-24.4 136.6c9.7-16.9 18-37 24.7-54.7 8.3 15.1 18.9 27.2 30.1 35.5-20.8 4.3-38.9 13.1-54.8 19.2zm131.6-5s-5 6-37.3-7.8c35.1-2.6 40.9 5.4 37.3 7.8z\"><\/path><\/svg>\t\t\t<\/span>\n\t\t\t\t\t\t\t\t\t<span class=\"elementor-button-text\">Summary GECE study<\/span>\n\t\t\t\t\t<\/span>\n\t\t\t\t\t<\/a>\n\t\t\t\t<\/div>\n\t\t\t\t\t\t\t\t<\/div>\n\t\t\t\t<\/div>\n\t\t\t\t\t<\/div>\n\t\t<\/div>\n\t\t\t\t\t<\/div>\n\t\t<\/section>\n\t\t\t\t<\/div>","protected":false},"excerpt":{"rendered":"<p>22.11.2021 \u00c9tude des publics &amp; impacts socio-\u00e9co. Retrouvez ci-dessous une synth\u00e8se de l&#8217;\u00e9tude men\u00e9e par le cabinet GECE, bas\u00e9 \u00e0 Rennes, sur les publics et les retomb\u00e9es socio-\u00e9conomiques du festival. Synth\u00e8se \u00e9tude GECE<\/p>","protected":false},"author":5,"featured_media":0,"parent":0,"menu_order":0,"comment_status":"closed","ping_status":"closed","template":"elementor_header_footer","meta":{"_acf_changed":false,"footnotes":""},"class_list":["post-10311","page","type-page","status-publish","hentry"],"acf":[],"yoast_head":"<!-- This site is optimized with the Yoast SEO plugin v27.3 - https:\/\/yoast.com\/product\/yoast-seo-wordpress\/ -->\n<title>Ressources - Cooksound Festival<\/title>\n<meta name=\"robots\" content=\"index, follow, max-snippet:-1, max-image-preview:large, max-video-preview:-1\" \/>\n<link rel=\"canonical\" href=\"https:\/\/www.cooksound.com\/en\/ressources\/\" \/>\n<meta property=\"og:locale\" content=\"en_GB\" \/>\n<meta property=\"og:type\" content=\"article\" \/>\n<meta property=\"og:title\" content=\"Ressources - Cooksound Festival\" \/>\n<meta property=\"og:description\" content=\"22.11.2021 \u00c9tude des publics &amp; impacts socio-\u00e9co. Retrouvez ci-dessous une synth\u00e8se de l&#8217;\u00e9tude men\u00e9e par le cabinet GECE, bas\u00e9 \u00e0 Rennes, sur les publics et les retomb\u00e9es socio-\u00e9conomiques du festival. Synth\u00e8se \u00e9tude GECE\" \/>\n<meta property=\"og:url\" content=\"https:\/\/www.cooksound.com\/en\/ressources\/\" \/>\n<meta property=\"og:site_name\" content=\"Cooksound Festival\" \/>\n<meta property=\"article:publisher\" content=\"https:\/\/www.facebook.com\/CooksoundFestival\" \/>\n<meta property=\"article:modified_time\" content=\"2021-11-30T10:43:29+00:00\" \/>\n<meta name=\"twitter:card\" content=\"summary_large_image\" \/>\n<meta name=\"twitter:site\" content=\"@cooksoundfest\" \/>\n<meta name=\"twitter:label1\" content=\"Estimated reading time\" \/>\n\t<meta name=\"twitter:data1\" content=\"1 minute\" \/>\n<script type=\"application\/ld+json\" class=\"yoast-schema-graph\">{\"@context\":\"https:\\\/\\\/schema.org\",\"@graph\":[{\"@type\":\"WebPage\",\"@id\":\"https:\\\/\\\/www.cooksound.com\\\/ressources\\\/\",\"url\":\"https:\\\/\\\/www.cooksound.com\\\/ressources\\\/\",\"name\":\"Ressources - Cooksound Festival\",\"isPartOf\":{\"@id\":\"https:\\\/\\\/www.cooksound.com\\\/#website\"},\"datePublished\":\"2021-11-22T12:41:57+00:00\",\"dateModified\":\"2021-11-30T10:43:29+00:00\",\"breadcrumb\":{\"@id\":\"https:\\\/\\\/www.cooksound.com\\\/ressources\\\/#breadcrumb\"},\"inLanguage\":\"en-GB\",\"potentialAction\":[{\"@type\":\"ReadAction\",\"target\":[\"https:\\\/\\\/www.cooksound.com\\\/ressources\\\/\"]}]},{\"@type\":\"BreadcrumbList\",\"@id\":\"https:\\\/\\\/www.cooksound.com\\\/ressources\\\/#breadcrumb\",\"itemListElement\":[{\"@type\":\"ListItem\",\"position\":1,\"name\":\"Accueil\",\"item\":\"https:\\\/\\\/www.cooksound.com\\\/\"},{\"@type\":\"ListItem\",\"position\":2,\"name\":\"Ressources\"}]},{\"@type\":\"WebSite\",\"@id\":\"https:\\\/\\\/www.cooksound.com\\\/#website\",\"url\":\"https:\\\/\\\/www.cooksound.com\\\/\",\"name\":\"Cooksound Festival\",\"description\":\"Musique et gastronomie\",\"publisher\":{\"@id\":\"https:\\\/\\\/www.cooksound.com\\\/#organization\"},\"potentialAction\":[{\"@type\":\"SearchAction\",\"target\":{\"@type\":\"EntryPoint\",\"urlTemplate\":\"https:\\\/\\\/www.cooksound.com\\\/?s={search_term_string}\"},\"query-input\":{\"@type\":\"PropertyValueSpecification\",\"valueRequired\":true,\"valueName\":\"search_term_string\"}}],\"inLanguage\":\"en-GB\"},{\"@type\":\"Organization\",\"@id\":\"https:\\\/\\\/www.cooksound.com\\\/#organization\",\"name\":\"Cooksound Festival\",\"url\":\"https:\\\/\\\/www.cooksound.com\\\/\",\"logo\":{\"@type\":\"ImageObject\",\"inLanguage\":\"en-GB\",\"@id\":\"https:\\\/\\\/www.cooksound.com\\\/#\\\/schema\\\/logo\\\/image\\\/\",\"url\":\"https:\\\/\\\/www.cooksound.com\\\/wp-content\\\/uploads\\\/2021\\\/04\\\/logo-cooksound-noir.svg\",\"contentUrl\":\"https:\\\/\\\/www.cooksound.com\\\/wp-content\\\/uploads\\\/2021\\\/04\\\/logo-cooksound-noir.svg\",\"width\":1,\"height\":1,\"caption\":\"Cooksound Festival\"},\"image\":{\"@id\":\"https:\\\/\\\/www.cooksound.com\\\/#\\\/schema\\\/logo\\\/image\\\/\"},\"sameAs\":[\"https:\\\/\\\/www.facebook.com\\\/CooksoundFestival\",\"https:\\\/\\\/x.com\\\/cooksoundfest\",\"https:\\\/\\\/www.instagram.com\\\/festivalcooksound\\\/\",\"https:\\\/\\\/www.linkedin.com\\\/in\\\/cooksound-festival-75bab7114\\\/\",\"https:\\\/\\\/www.youtube.com\\\/user\\\/EvenementsCooksound\"]}]}<\/script>\n<!-- \/ Yoast SEO plugin. -->","yoast_head_json":{"title":"Ressources - Cooksound Festival","robots":{"index":"index","follow":"follow","max-snippet":"max-snippet:-1","max-image-preview":"max-image-preview:large","max-video-preview":"max-video-preview:-1"},"canonical":"https:\/\/www.cooksound.com\/en\/ressources\/","og_locale":"en_GB","og_type":"article","og_title":"Ressources - Cooksound Festival","og_description":"22.11.2021 \u00c9tude des publics &amp; impacts socio-\u00e9co. Retrouvez ci-dessous une synth\u00e8se de l&#8217;\u00e9tude men\u00e9e par le cabinet GECE, bas\u00e9 \u00e0 Rennes, sur les publics et les retomb\u00e9es socio-\u00e9conomiques du festival. Synth\u00e8se \u00e9tude GECE","og_url":"https:\/\/www.cooksound.com\/en\/ressources\/","og_site_name":"Cooksound Festival","article_publisher":"https:\/\/www.facebook.com\/CooksoundFestival","article_modified_time":"2021-11-30T10:43:29+00:00","twitter_card":"summary_large_image","twitter_site":"@cooksoundfest","twitter_misc":{"Estimated reading time":"1 minute"},"schema":{"@context":"https:\/\/schema.org","@graph":[{"@type":"WebPage","@id":"https:\/\/www.cooksound.com\/ressources\/","url":"https:\/\/www.cooksound.com\/ressources\/","name":"Ressources - Cooksound Festival","isPartOf":{"@id":"https:\/\/www.cooksound.com\/#website"},"datePublished":"2021-11-22T12:41:57+00:00","dateModified":"2021-11-30T10:43:29+00:00","breadcrumb":{"@id":"https:\/\/www.cooksound.com\/ressources\/#breadcrumb"},"inLanguage":"en-GB","potentialAction":[{"@type":"ReadAction","target":["https:\/\/www.cooksound.com\/ressources\/"]}]},{"@type":"BreadcrumbList","@id":"https:\/\/www.cooksound.com\/ressources\/#breadcrumb","itemListElement":[{"@type":"ListItem","position":1,"name":"Accueil","item":"https:\/\/www.cooksound.com\/"},{"@type":"ListItem","position":2,"name":"Ressources"}]},{"@type":"WebSite","@id":"https:\/\/www.cooksound.com\/#website","url":"https:\/\/www.cooksound.com\/","name":"Cooksound Festival","description":"Musique et gastronomie","publisher":{"@id":"https:\/\/www.cooksound.com\/#organization"},"potentialAction":[{"@type":"SearchAction","target":{"@type":"EntryPoint","urlTemplate":"https:\/\/www.cooksound.com\/?s={search_term_string}"},"query-input":{"@type":"PropertyValueSpecification","valueRequired":true,"valueName":"search_term_string"}}],"inLanguage":"en-GB"},{"@type":"Organization","@id":"https:\/\/www.cooksound.com\/#organization","name":"Cooksound Festival","url":"https:\/\/www.cooksound.com\/","logo":{"@type":"ImageObject","inLanguage":"en-GB","@id":"https:\/\/www.cooksound.com\/#\/schema\/logo\/image\/","url":"https:\/\/www.cooksound.com\/wp-content\/uploads\/2021\/04\/logo-cooksound-noir.svg","contentUrl":"https:\/\/www.cooksound.com\/wp-content\/uploads\/2021\/04\/logo-cooksound-noir.svg","width":1,"height":1,"caption":"Cooksound Festival"},"image":{"@id":"https:\/\/www.cooksound.com\/#\/schema\/logo\/image\/"},"sameAs":["https:\/\/www.facebook.com\/CooksoundFestival","https:\/\/x.com\/cooksoundfest","https:\/\/www.instagram.com\/festivalcooksound\/","https:\/\/www.linkedin.com\/in\/cooksound-festival-75bab7114\/","https:\/\/www.youtube.com\/user\/EvenementsCooksound"]}]}},"_links":{"self":[{"href":"https:\/\/www.cooksound.com\/en\/wp-json\/wp\/v2\/pages\/10311","targetHints":{"allow":["GET"]}}],"collection":[{"href":"https:\/\/www.cooksound.com\/en\/wp-json\/wp\/v2\/pages"}],"about":[{"href":"https:\/\/www.cooksound.com\/en\/wp-json\/wp\/v2\/types\/page"}],"author":[{"embeddable":true,"href":"https:\/\/www.cooksound.com\/en\/wp-json\/wp\/v2\/users\/5"}],"replies":[{"embeddable":true,"href":"https:\/\/www.cooksound.com\/en\/wp-json\/wp\/v2\/comments?post=10311"}],"version-history":[{"count":39,"href":"https:\/\/www.cooksound.com\/en\/wp-json\/wp\/v2\/pages\/10311\/revisions"}],"predecessor-version":[{"id":10367,"href":"https:\/\/www.cooksound.com\/en\/wp-json\/wp\/v2\/pages\/10311\/revisions\/10367"}],"wp:attachment":[{"href":"https:\/\/www.cooksound.com\/en\/wp-json\/wp\/v2\/media?parent=10311"}],"curies":[{"name":"wp","href":"https:\/\/api.w.org\/{rel}","templated":true}]}}